{"id":8454,"date":"2026-03-26T13:49:19","date_gmt":"2026-03-26T13:49:19","guid":{"rendered":"https:\/\/www.markette.fr\/?post_type=product&#038;p=8454"},"modified":"2026-03-26T13:49:19","modified_gmt":"2026-03-26T13:49:19","slug":"desserte-bar-vintage-annees-70-80","status":"publish","type":"product","link":"https:\/\/www.markette.fr\/en\/boutique\/desserte-bar-vintage-annees-70-80\/","title":{"rendered":"Desserte bar vintage &#8211; Ann\u00e9es 70\/80"},"content":{"rendered":"<p data-start=\"148\" data-end=\"253\">Desserte bar vintage des ann\u00e9es 70-80 en m\u00e9tal dor\u00e9 sur roulettes, au design \u00e9l\u00e9gant et intemporel.<\/p>\n<p data-start=\"255\" data-end=\"549\">Cette pi\u00e8ce typique du mobilier vintage s\u00e9duit par sa structure l\u00e9g\u00e8re et ses lignes arrondies, id\u00e9ales pour apporter une touche r\u00e9tro chic \u00e0 votre int\u00e9rieur. Parfaite en desserte de bar, table d\u2019appoint ou \u00e9l\u00e9ment d\u00e9coratif, elle s\u2019int\u00e8gre aussi bien dans un salon que dans une salle \u00e0 manger.<\/p>\n<p data-start=\"551\" data-end=\"781\">La structure en m\u00e9tal dor\u00e9 pr\u00e9sente une belle patine d\u2019origine, avec quelques traces du temps qui n\u2019enl\u00e8vent rien \u00e0 son charme et t\u00e9moignent de son authenticit\u00e9. Les roulettes permettent de la d\u00e9placer facilement selon vos envies.<\/p>\n<p data-start=\"783\" data-end=\"892\">\ud83d\udc49 Une pi\u00e8ce \u00e0 la fois pratique et esth\u00e9tique, id\u00e9ale pour les amateurs de mobilier vintage des ann\u00e9es 70-80.<\/p>\n<p data-start=\"899\" data-end=\"923\">Caract\u00e9ristiques :<\/p>\n<ul data-start=\"924\" data-end=\"1103\">\n<li data-section-id=\"1rzu1tl\" data-start=\"924\" data-end=\"949\">\u00c9poque : ann\u00e9es 70-80<\/li>\n<li data-section-id=\"1f6rek9\" data-start=\"950\" data-end=\"976\">Mat\u00e9riaux : m\u00e9tal dor\u00e9<\/li>\n<li data-section-id=\"195eolr\" data-start=\"977\" data-end=\"1026\">\u00c9tat : tr\u00e8s bon \u00e9tat, traces d\u2019usage normales<\/li>\n<\/ul>","protected":false},"excerpt":{"rendered":"<p>Desserte bar vintage des ann\u00e9es 70-80 en m\u00e9tal dor\u00e9 sur roulettes, au design \u00e9l\u00e9gant et intemporel. Cette pi\u00e8ce typique du mobilier vintage s\u00e9duit par sa structure l\u00e9g\u00e8re et ses lignes arrondies, id\u00e9ales pour apporter une touche r\u00e9tro chic \u00e0 votre int\u00e9rieur. Parfaite en desserte de bar, table d\u2019appoint ou \u00e9l\u00e9ment d\u00e9coratif, elle s\u2019int\u00e8gre aussi bien [&hellip;]<\/p>\n","protected":false},"featured_media":8455,"template":"","meta":{"_uag_custom_page_level_css":""},"product_brand":[],"product_cat":[40,22],"product_tag":[],"class_list":{"0":"post-8454","1":"product","2":"type-product","3":"status-publish","4":"has-post-thumbnail","6":"product_cat-table-d-appoint","7":"product_cat-les-tables","8":"product_shipping_class-colis-medium","10":"first","11":"instock","12":"taxable","13":"shipping-taxable","14":"purchasable","15":"product-type-simple"},"uagb_featured_image_src":{"full":["https:\/\/www.markette.fr\/wp-content\/uploads\/2026\/03\/1-4.jpg",1080,1080,false],"thumbnail":["https:\/\/www.markette.fr\/wp-content\/uploads\/2026\/03\/1-4-150x150.jpg",150,150,true],"medium":["https:\/\/www.markette.fr\/wp-content\/uploads\/2026\/03\/1-4-300x300.jpg",300,300,true],"medium_large":["https:\/\/www.markette.fr\/wp-content\/uploads\/2026\/03\/1-4-768x768.jpg",768,768,true],"large":["https:\/\/www.markette.fr\/wp-content\/uploads\/2026\/03\/1-4-1024x1024.jpg",1024,1024,true],"1536x1536":["https:\/\/www.markette.fr\/wp-content\/uploads\/2026\/03\/1-4.jpg",1080,1080,false],"2048x2048":["https:\/\/www.markette.fr\/wp-content\/uploads\/2026\/03\/1-4.jpg",1080,1080,false],"trp-custom-language-flag":["https:\/\/www.markette.fr\/wp-content\/uploads\/2026\/03\/1-4-12x12.jpg",12,12,true],"woocommerce_archive_thumbnail":["https:\/\/www.markette.fr\/wp-content\/uploads\/2026\/03\/1-4.jpg",1080,1080,false],"woocommerce_thumbnail":["https:\/\/www.markette.fr\/wp-content\/uploads\/2026\/03\/1-4.jpg",1080,1080,false],"woocommerce_single":["https:\/\/www.markette.fr\/wp-content\/uploads\/2026\/03\/1-4.jpg",1080,1080,false],"woocommerce_gallery_thumbnail":["https:\/\/www.markette.fr\/wp-content\/uploads\/2026\/03\/1-4-100x100.jpg",100,100,true]},"uagb_author_info":{"display_name":"Markette","author_link":"https:\/\/www.markette.fr\/en\/author\/"},"uagb_comment_info":0,"uagb_excerpt":"Desserte bar vintage des ann\u00e9es 70-80 en m\u00e9tal dor\u00e9 sur roulettes, au design \u00e9l\u00e9gant et intemporel. Cette pi\u00e8ce typique du mobilier vintage s\u00e9duit par sa structure l\u00e9g\u00e8re et ses lignes arrondies, id\u00e9ales pour apporter une touche r\u00e9tro chic \u00e0 votre int\u00e9rieur. Parfaite en desserte de bar, table d\u2019appoint ou \u00e9l\u00e9ment d\u00e9coratif, elle s\u2019int\u00e8gre aussi bien&hellip;","_links":{"self":[{"href":"https:\/\/www.markette.fr\/en\/wp-json\/wp\/v2\/product\/8454","targetHints":{"allow":["GET"]}}],"collection":[{"href":"https:\/\/www.markette.fr\/en\/wp-json\/wp\/v2\/product"}],"about":[{"href":"https:\/\/www.markette.fr\/en\/wp-json\/wp\/v2\/types\/product"}],"wp:featuredmedia":[{"embeddable":true,"href":"https:\/\/www.markette.fr\/en\/wp-json\/wp\/v2\/media\/8455"}],"wp:attachment":[{"href":"https:\/\/www.markette.fr\/en\/wp-json\/wp\/v2\/media?parent=8454"}],"wp:term":[{"taxonomy":"product_brand","embeddable":true,"href":"https:\/\/www.markette.fr\/en\/wp-json\/wp\/v2\/product_brand?post=8454"},{"taxonomy":"product_cat","embeddable":true,"href":"https:\/\/www.markette.fr\/en\/wp-json\/wp\/v2\/product_cat?post=8454"},{"taxonomy":"product_tag","embeddable":true,"href":"https:\/\/www.markette.fr\/en\/wp-json\/wp\/v2\/product_tag?post=8454"}],"curies":[{"name":"wp","href":"https:\/\/api.w.org\/{rel}","templated":true}]}}