{"id":8444,"date":"2026-03-23T10:37:27","date_gmt":"2026-03-23T10:37:27","guid":{"rendered":"https:\/\/www.markette.fr\/?post_type=product&#038;p=8444"},"modified":"2026-03-23T12:18:23","modified_gmt":"2026-03-23T12:18:23","slug":"miroir-en-laque-et-or-atelier-morganti","status":"publish","type":"product","link":"https:\/\/www.markette.fr\/en\/boutique\/miroir-en-laque-et-or-atelier-morganti\/","title":{"rendered":"Miroir en laque et or &#8211; Atelier Morganti"},"content":{"rendered":"<p>Miroir en laque et or r\u00e9alis\u00e9 par l\u2019atelier Morganti.<\/p>\n<p data-start=\"94\" data-end=\"364\">La surface se d\u00e9ploie en une composition riche et lumineuse, o\u00f9 la laque textur\u00e9e dialogue avec une dorure \u00e0 l\u2019or 24 carats. Les incrustations de coquilles d\u2019\u0153ufs, de nacre et de copeaux d\u2019or viennent animer la mati\u00e8re, cr\u00e9ant un relief subtil et des reflets changeants.<\/p>\n<p data-start=\"366\" data-end=\"511\">Autour du miroir, le d\u00e9cor s\u2019organise comme une couronne, entre motifs organiques et \u00e9clats pr\u00e9cieux, captant la lumi\u00e8re.<\/p>\n<p data-start=\"513\" data-end=\"590\">Une pi\u00e8ce expressive, \u00e0 la crois\u00e9e de l\u2019objet d\u00e9coratif et de l\u2019\u0153uvre murale.<\/p>\n<p data-start=\"592\" data-end=\"627\"><br data-start=\"608\" data-end=\"611\" \/>Cr\u00e9ation unique.<\/p>","protected":false},"excerpt":{"rendered":"<p>Miroir en laque et or r\u00e9alis\u00e9 par l\u2019atelier Morganti. La surface se d\u00e9ploie en une composition riche et lumineuse, o\u00f9 la laque textur\u00e9e dialogue avec une dorure \u00e0 l\u2019or 24 carats. Les incrustations de coquilles d\u2019\u0153ufs, de nacre et de copeaux d\u2019or viennent animer la mati\u00e8re, cr\u00e9ant un relief subtil et des reflets changeants. Autour [&hellip;]<\/p>\n","protected":false},"featured_media":8445,"template":"","meta":{"_uag_custom_page_level_css":""},"product_brand":[],"product_cat":[24,46],"product_tag":[],"class_list":{"0":"post-8444","1":"product","2":"type-product","3":"status-publish","4":"has-post-thumbnail","6":"product_cat-la-decoration","7":"product_cat-miroir","8":"product_shipping_class-livraison-offerte","10":"first","11":"instock","12":"taxable","13":"shipping-taxable","14":"purchasable","15":"product-type-simple"},"uagb_featured_image_src":{"full":["https:\/\/www.markette.fr\/wp-content\/uploads\/2026\/03\/COMMODE-40.jpg",1080,1350,false],"thumbnail":["https:\/\/www.markette.fr\/wp-content\/uploads\/2026\/03\/COMMODE-40-150x150.jpg",150,150,true],"medium":["https:\/\/www.markette.fr\/wp-content\/uploads\/2026\/03\/COMMODE-40-240x300.jpg",240,300,true],"medium_large":["https:\/\/www.markette.fr\/wp-content\/uploads\/2026\/03\/COMMODE-40-768x960.jpg",768,960,true],"large":["https:\/\/www.markette.fr\/wp-content\/uploads\/2026\/03\/COMMODE-40-819x1024.jpg",819,1024,true],"1536x1536":["https:\/\/www.markette.fr\/wp-content\/uploads\/2026\/03\/COMMODE-40.jpg",1080,1350,false],"2048x2048":["https:\/\/www.markette.fr\/wp-content\/uploads\/2026\/03\/COMMODE-40.jpg",1080,1350,false],"trp-custom-language-flag":["https:\/\/www.markette.fr\/wp-content\/uploads\/2026\/03\/COMMODE-40-10x12.jpg",10,12,true],"woocommerce_archive_thumbnail":["https:\/\/www.markette.fr\/wp-content\/uploads\/2026\/03\/COMMODE-40-1080x1080.jpg",1080,1080,true],"woocommerce_thumbnail":["https:\/\/www.markette.fr\/wp-content\/uploads\/2026\/03\/COMMODE-40-1080x1080.jpg",1080,1080,true],"woocommerce_single":["https:\/\/www.markette.fr\/wp-content\/uploads\/2026\/03\/COMMODE-40.jpg",1080,1350,false],"woocommerce_gallery_thumbnail":["https:\/\/www.markette.fr\/wp-content\/uploads\/2026\/03\/COMMODE-40-100x100.jpg",100,100,true]},"uagb_author_info":{"display_name":"Atelier Morganti","author_link":"https:\/\/www.markette.fr\/en\/author\/"},"uagb_comment_info":0,"uagb_excerpt":"Miroir en laque et or r\u00e9alis\u00e9 par l\u2019atelier Morganti. La surface se d\u00e9ploie en une composition riche et lumineuse, o\u00f9 la laque textur\u00e9e dialogue avec une dorure \u00e0 l\u2019or 24 carats. Les incrustations de coquilles d\u2019\u0153ufs, de nacre et de copeaux d\u2019or viennent animer la mati\u00e8re, cr\u00e9ant un relief subtil et des reflets changeants. Autour&hellip;","_links":{"self":[{"href":"https:\/\/www.markette.fr\/en\/wp-json\/wp\/v2\/product\/8444","targetHints":{"allow":["GET"]}}],"collection":[{"href":"https:\/\/www.markette.fr\/en\/wp-json\/wp\/v2\/product"}],"about":[{"href":"https:\/\/www.markette.fr\/en\/wp-json\/wp\/v2\/types\/product"}],"wp:featuredmedia":[{"embeddable":true,"href":"https:\/\/www.markette.fr\/en\/wp-json\/wp\/v2\/media\/8445"}],"wp:attachment":[{"href":"https:\/\/www.markette.fr\/en\/wp-json\/wp\/v2\/media?parent=8444"}],"wp:term":[{"taxonomy":"product_brand","embeddable":true,"href":"https:\/\/www.markette.fr\/en\/wp-json\/wp\/v2\/product_brand?post=8444"},{"taxonomy":"product_cat","embeddable":true,"href":"https:\/\/www.markette.fr\/en\/wp-json\/wp\/v2\/product_cat?post=8444"},{"taxonomy":"product_tag","embeddable":true,"href":"https:\/\/www.markette.fr\/en\/wp-json\/wp\/v2\/product_tag?post=8444"}],"curies":[{"name":"wp","href":"https:\/\/api.w.org\/{rel}","templated":true}]}}