{"id":8438,"date":"2026-03-23T10:02:00","date_gmt":"2026-03-23T10:02:00","guid":{"rendered":"https:\/\/www.markette.fr\/?post_type=product&#038;p=8438"},"modified":"2026-03-23T12:21:16","modified_gmt":"2026-03-23T12:21:16","slug":"table-basse-en-laque-atelier-morganti","status":"publish","type":"product","link":"https:\/\/www.markette.fr\/en\/boutique\/table-basse-en-laque-atelier-morganti\/","title":{"rendered":"Table basse en laque &#8211; Atelier Morganti"},"content":{"rendered":"<p data-start=\"95\" data-end=\"163\">Table basse en laque, enti\u00e8rement r\u00e9alis\u00e9e par l\u2019atelier Morganti.<\/p>\n<p data-start=\"165\" data-end=\"423\">Le plateau se distingue par un travail graphique et minutieux de laque, m\u00ealant feuilles d\u2019or rose \u00e0 des incrustations de coquilles d\u2019\u0153ufs. Les motifs g\u00e9om\u00e9triques, presque fragment\u00e9s, cr\u00e9ent un jeu de lumi\u00e8re subtil et changeant selon les angles.<\/p>\n<p data-start=\"425\" data-end=\"567\">Le pi\u00e9tement, aux lignes \u00e9pur\u00e9es et d&rsquo;inspiration art d\u00e9co, vient soutenir cette composition riche en mati\u00e8re, dans un \u00e9quilibre entre rigueur formelle et expressivit\u00e9.<\/p>\n<p data-start=\"569\" data-end=\"641\">Une pi\u00e8ce singuli\u00e8re, \u00e0 la fronti\u00e8re entre mobilier et \u0153uvre d\u00e9corative.<\/p>\n<p data-start=\"643\" data-end=\"659\" data-is-last-node=\"\" data-is-only-node=\"\">Cr\u00e9ation unique.<\/p>","protected":false},"excerpt":{"rendered":"<p>Table basse en laque, enti\u00e8rement r\u00e9alis\u00e9e par l\u2019atelier Morganti. Le plateau se distingue par un travail graphique et minutieux de laque, m\u00ealant feuilles d\u2019or rose \u00e0 des incrustations de coquilles d\u2019\u0153ufs. Les motifs g\u00e9om\u00e9triques, presque fragment\u00e9s, cr\u00e9ent un jeu de lumi\u00e8re subtil et changeant selon les angles. Le pi\u00e9tement, aux lignes \u00e9pur\u00e9es et d&rsquo;inspiration art [&hellip;]<\/p>\n","protected":false},"featured_media":8439,"template":"","meta":{"_uag_custom_page_level_css":""},"product_brand":[],"product_cat":[22,40],"product_tag":[],"class_list":{"0":"post-8438","1":"product","2":"type-product","3":"status-publish","4":"has-post-thumbnail","6":"product_cat-les-tables","7":"product_cat-table-d-appoint","8":"product_shipping_class-livraison-offerte","10":"first","11":"instock","12":"taxable","13":"shipping-taxable","14":"purchasable","15":"product-type-simple"},"uagb_featured_image_src":{"full":["https:\/\/www.markette.fr\/wp-content\/uploads\/2026\/03\/COMMODE-33.jpg",1080,1350,false],"thumbnail":["https:\/\/www.markette.fr\/wp-content\/uploads\/2026\/03\/COMMODE-33-150x150.jpg",150,150,true],"medium":["https:\/\/www.markette.fr\/wp-content\/uploads\/2026\/03\/COMMODE-33-240x300.jpg",240,300,true],"medium_large":["https:\/\/www.markette.fr\/wp-content\/uploads\/2026\/03\/COMMODE-33-768x960.jpg",768,960,true],"large":["https:\/\/www.markette.fr\/wp-content\/uploads\/2026\/03\/COMMODE-33-819x1024.jpg",819,1024,true],"1536x1536":["https:\/\/www.markette.fr\/wp-content\/uploads\/2026\/03\/COMMODE-33.jpg",1080,1350,false],"2048x2048":["https:\/\/www.markette.fr\/wp-content\/uploads\/2026\/03\/COMMODE-33.jpg",1080,1350,false],"trp-custom-language-flag":["https:\/\/www.markette.fr\/wp-content\/uploads\/2026\/03\/COMMODE-33-10x12.jpg",10,12,true],"woocommerce_archive_thumbnail":["https:\/\/www.markette.fr\/wp-content\/uploads\/2026\/03\/COMMODE-33-1080x1080.jpg",1080,1080,true],"woocommerce_thumbnail":["https:\/\/www.markette.fr\/wp-content\/uploads\/2026\/03\/COMMODE-33-1080x1080.jpg",1080,1080,true],"woocommerce_single":["https:\/\/www.markette.fr\/wp-content\/uploads\/2026\/03\/COMMODE-33.jpg",1080,1350,false],"woocommerce_gallery_thumbnail":["https:\/\/www.markette.fr\/wp-content\/uploads\/2026\/03\/COMMODE-33-100x100.jpg",100,100,true]},"uagb_author_info":{"display_name":"Atelier Morganti","author_link":"https:\/\/www.markette.fr\/en\/author\/"},"uagb_comment_info":0,"uagb_excerpt":"Table basse en laque, enti\u00e8rement r\u00e9alis\u00e9e par l\u2019atelier Morganti. Le plateau se distingue par un travail graphique et minutieux de laque, m\u00ealant feuilles d\u2019or rose \u00e0 des incrustations de coquilles d\u2019\u0153ufs. Les motifs g\u00e9om\u00e9triques, presque fragment\u00e9s, cr\u00e9ent un jeu de lumi\u00e8re subtil et changeant selon les angles. Le pi\u00e9tement, aux lignes \u00e9pur\u00e9es et d&rsquo;inspiration art&hellip;","_links":{"self":[{"href":"https:\/\/www.markette.fr\/en\/wp-json\/wp\/v2\/product\/8438","targetHints":{"allow":["GET"]}}],"collection":[{"href":"https:\/\/www.markette.fr\/en\/wp-json\/wp\/v2\/product"}],"about":[{"href":"https:\/\/www.markette.fr\/en\/wp-json\/wp\/v2\/types\/product"}],"wp:featuredmedia":[{"embeddable":true,"href":"https:\/\/www.markette.fr\/en\/wp-json\/wp\/v2\/media\/8439"}],"wp:attachment":[{"href":"https:\/\/www.markette.fr\/en\/wp-json\/wp\/v2\/media?parent=8438"}],"wp:term":[{"taxonomy":"product_brand","embeddable":true,"href":"https:\/\/www.markette.fr\/en\/wp-json\/wp\/v2\/product_brand?post=8438"},{"taxonomy":"product_cat","embeddable":true,"href":"https:\/\/www.markette.fr\/en\/wp-json\/wp\/v2\/product_cat?post=8438"},{"taxonomy":"product_tag","embeddable":true,"href":"https:\/\/www.markette.fr\/en\/wp-json\/wp\/v2\/product_tag?post=8438"}],"curies":[{"name":"wp","href":"https:\/\/api.w.org\/{rel}","templated":true}]}}