{"id":8433,"date":"2026-03-23T09:33:16","date_gmt":"2026-03-23T09:33:16","guid":{"rendered":"https:\/\/www.markette.fr\/?post_type=product&#038;p=8433"},"modified":"2026-03-23T12:25:00","modified_gmt":"2026-03-23T12:25:00","slug":"gueridon-en-laque-atelier-morganti","status":"publish","type":"product","link":"https:\/\/www.markette.fr\/en\/boutique\/gueridon-en-laque-atelier-morganti\/","title":{"rendered":"Gu\u00e9ridon en laque &#8211; Atelier Morganti"},"content":{"rendered":"<p data-start=\"84\" data-end=\"165\">Gu\u00e9ridon en laque issu d\u2019une collaboration entre l\u2019atelier Morganti et Cl\u00e9ment Ferrari.<\/p>\n<p data-start=\"167\" data-end=\"390\">Le pi\u00e9tement en acier bross\u00e9, r\u00e9alis\u00e9 par Cl\u00e9ment Ferrari, dialogue avec un plateau en bois laqu\u00e9, d\u00e9licatement incrust\u00e9 de coquilles d\u2019\u0153ufs et d&rsquo;or blanc. Un travail de mati\u00e8re subtil, o\u00f9 la lumi\u00e8re vient r\u00e9v\u00e9ler chaque d\u00e9tail.<\/p>\n<p data-start=\"392\" data-end=\"580\">Entre pr\u00e9cision du geste et recherche esth\u00e9tique, cette pi\u00e8ce incarne un savoir-faire artisanal d\u2019exception, \u00e0 la crois\u00e9e du design contemporain et des techniques traditionnelles de laque.<\/p>\n<p data-start=\"582\" data-end=\"598\" data-is-last-node=\"\" data-is-only-node=\"\">Cr\u00e9ation unique.<\/p>","protected":false},"excerpt":{"rendered":"<p>Gu\u00e9ridon en laque issu d\u2019une collaboration entre l\u2019atelier Morganti et Cl\u00e9ment Ferrari. Le pi\u00e9tement en acier bross\u00e9, r\u00e9alis\u00e9 par Cl\u00e9ment Ferrari, dialogue avec un plateau en bois laqu\u00e9, d\u00e9licatement incrust\u00e9 de coquilles d\u2019\u0153ufs et d&rsquo;or blanc. Un travail de mati\u00e8re subtil, o\u00f9 la lumi\u00e8re vient r\u00e9v\u00e9ler chaque d\u00e9tail. Entre pr\u00e9cision du geste et recherche esth\u00e9tique, [&hellip;]<\/p>\n","protected":false},"featured_media":8431,"template":"","meta":{"_uag_custom_page_level_css":""},"product_brand":[],"product_cat":[22,40],"product_tag":[],"class_list":{"0":"post-8433","1":"product","2":"type-product","3":"status-publish","4":"has-post-thumbnail","6":"product_cat-les-tables","7":"product_cat-table-d-appoint","8":"product_shipping_class-livraison-offerte","10":"first","11":"instock","12":"taxable","13":"shipping-taxable","14":"purchasable","15":"product-type-simple"},"uagb_featured_image_src":{"full":["https:\/\/www.markette.fr\/wp-content\/uploads\/2026\/03\/2-6.jpg",1080,1350,false],"thumbnail":["https:\/\/www.markette.fr\/wp-content\/uploads\/2026\/03\/2-6-150x150.jpg",150,150,true],"medium":["https:\/\/www.markette.fr\/wp-content\/uploads\/2026\/03\/2-6-240x300.jpg",240,300,true],"medium_large":["https:\/\/www.markette.fr\/wp-content\/uploads\/2026\/03\/2-6-768x960.jpg",768,960,true],"large":["https:\/\/www.markette.fr\/wp-content\/uploads\/2026\/03\/2-6-819x1024.jpg",819,1024,true],"1536x1536":["https:\/\/www.markette.fr\/wp-content\/uploads\/2026\/03\/2-6.jpg",1080,1350,false],"2048x2048":["https:\/\/www.markette.fr\/wp-content\/uploads\/2026\/03\/2-6.jpg",1080,1350,false],"trp-custom-language-flag":["https:\/\/www.markette.fr\/wp-content\/uploads\/2026\/03\/2-6-10x12.jpg",10,12,true],"woocommerce_archive_thumbnail":["https:\/\/www.markette.fr\/wp-content\/uploads\/2026\/03\/2-6-1080x1080.jpg",1080,1080,true],"woocommerce_thumbnail":["https:\/\/www.markette.fr\/wp-content\/uploads\/2026\/03\/2-6-1080x1080.jpg",1080,1080,true],"woocommerce_single":["https:\/\/www.markette.fr\/wp-content\/uploads\/2026\/03\/2-6.jpg",1080,1350,false],"woocommerce_gallery_thumbnail":["https:\/\/www.markette.fr\/wp-content\/uploads\/2026\/03\/2-6-100x100.jpg",100,100,true]},"uagb_author_info":{"display_name":"Atelier Morganti","author_link":"https:\/\/www.markette.fr\/en\/author\/"},"uagb_comment_info":0,"uagb_excerpt":"Gu\u00e9ridon en laque issu d\u2019une collaboration entre l\u2019atelier Morganti et Cl\u00e9ment Ferrari. Le pi\u00e9tement en acier bross\u00e9, r\u00e9alis\u00e9 par Cl\u00e9ment Ferrari, dialogue avec un plateau en bois laqu\u00e9, d\u00e9licatement incrust\u00e9 de coquilles d\u2019\u0153ufs et d&rsquo;or blanc. Un travail de mati\u00e8re subtil, o\u00f9 la lumi\u00e8re vient r\u00e9v\u00e9ler chaque d\u00e9tail. Entre pr\u00e9cision du geste et recherche esth\u00e9tique,&hellip;","_links":{"self":[{"href":"https:\/\/www.markette.fr\/en\/wp-json\/wp\/v2\/product\/8433","targetHints":{"allow":["GET"]}}],"collection":[{"href":"https:\/\/www.markette.fr\/en\/wp-json\/wp\/v2\/product"}],"about":[{"href":"https:\/\/www.markette.fr\/en\/wp-json\/wp\/v2\/types\/product"}],"wp:featuredmedia":[{"embeddable":true,"href":"https:\/\/www.markette.fr\/en\/wp-json\/wp\/v2\/media\/8431"}],"wp:attachment":[{"href":"https:\/\/www.markette.fr\/en\/wp-json\/wp\/v2\/media?parent=8433"}],"wp:term":[{"taxonomy":"product_brand","embeddable":true,"href":"https:\/\/www.markette.fr\/en\/wp-json\/wp\/v2\/product_brand?post=8433"},{"taxonomy":"product_cat","embeddable":true,"href":"https:\/\/www.markette.fr\/en\/wp-json\/wp\/v2\/product_cat?post=8433"},{"taxonomy":"product_tag","embeddable":true,"href":"https:\/\/www.markette.fr\/en\/wp-json\/wp\/v2\/product_tag?post=8433"}],"curies":[{"name":"wp","href":"https:\/\/api.w.org\/{rel}","templated":true}]}}