{"id":8409,"date":"2026-03-20T13:17:03","date_gmt":"2026-03-20T13:17:03","guid":{"rendered":"https:\/\/www.markette.fr\/?post_type=product&#038;p=8409"},"modified":"2026-03-23T12:30:29","modified_gmt":"2026-03-23T12:30:29","slug":"desserte-vintage-david-lange-pour-les-invisibles-du-marais-annees-70","status":"publish","type":"product","link":"https:\/\/www.markette.fr\/en\/boutique\/desserte-vintage-david-lange-pour-les-invisibles-du-marais-annees-70\/","title":{"rendered":"Desserte vintage, David Lange pour Les Invisibles du Marais &#8211; Ann\u00e9es 70"},"content":{"rendered":"<p data-start=\"71\" data-end=\"203\">Magnifique desserte vintage sur roulettes sign\u00e9e David Lange pour Les Invisibles du Marais, embl\u00e9matique du design fran\u00e7ais des ann\u00e9es 1970.<\/p>\n<p data-start=\"205\" data-end=\"465\">Sa structure en plexiglas \u00e9pais et transparent lui conf\u00e8re une silhouette \u00e0 la fois l\u00e9g\u00e8re et architecturale.<\/p>\n<p data-start=\"467\" data-end=\"617\">Fonctionnelle et esth\u00e9tique, elle repose sur quatre roulettes parfaitement op\u00e9rationnelles, permettant un d\u00e9placement fluide et pratique au quotidien.<\/p>\n<p data-start=\"619\" data-end=\"690\">\u00c0 noter, la pr\u00e9sence de son autocollant d\u2019origine, gage d\u2019authenticit\u00e9.<\/p>\n<p data-start=\"692\" data-end=\"837\">Le plexiglas pr\u00e9sente de l\u00e9g\u00e8res micro-rayures d\u2019usage, visibles uniquement selon l\u2019angle et la lumi\u00e8re, coh\u00e9rentes avec son \u00e2ge et son histoire.<\/p>\n<p data-start=\"692\" data-end=\"837\">Tr\u00e8s bon \u00e9tat et solide.<\/p>","protected":false},"excerpt":{"rendered":"<p>Magnifique desserte vintage sur roulettes sign\u00e9e David Lange pour Les Invisibles du Marais, embl\u00e9matique du design fran\u00e7ais des ann\u00e9es 1970. Sa structure en plexiglas \u00e9pais et transparent lui conf\u00e8re une silhouette \u00e0 la fois l\u00e9g\u00e8re et architecturale. Fonctionnelle et esth\u00e9tique, elle repose sur quatre roulettes parfaitement op\u00e9rationnelles, permettant un d\u00e9placement fluide et pratique au quotidien. [&hellip;]<\/p>\n","protected":false},"featured_media":8410,"template":"","meta":{"_uag_custom_page_level_css":""},"product_brand":[],"product_cat":[21,32],"product_tag":[],"class_list":{"0":"post-8409","1":"product","2":"type-product","3":"status-publish","4":"has-post-thumbnail","6":"product_cat-les-meubles","7":"product_cat-console-et-meuble-d-appoint","8":"product_shipping_class-colis-medium","10":"first","11":"instock","12":"taxable","13":"shipping-taxable","14":"purchasable","15":"product-type-simple"},"uagb_featured_image_src":{"full":["https:\/\/www.markette.fr\/wp-content\/uploads\/2026\/03\/PUBLICATION.jpg",1080,1350,false],"thumbnail":["https:\/\/www.markette.fr\/wp-content\/uploads\/2026\/03\/PUBLICATION-150x150.jpg",150,150,true],"medium":["https:\/\/www.markette.fr\/wp-content\/uploads\/2026\/03\/PUBLICATION-240x300.jpg",240,300,true],"medium_large":["https:\/\/www.markette.fr\/wp-content\/uploads\/2026\/03\/PUBLICATION-768x960.jpg",768,960,true],"large":["https:\/\/www.markette.fr\/wp-content\/uploads\/2026\/03\/PUBLICATION-819x1024.jpg",819,1024,true],"1536x1536":["https:\/\/www.markette.fr\/wp-content\/uploads\/2026\/03\/PUBLICATION.jpg",1080,1350,false],"2048x2048":["https:\/\/www.markette.fr\/wp-content\/uploads\/2026\/03\/PUBLICATION.jpg",1080,1350,false],"trp-custom-language-flag":["https:\/\/www.markette.fr\/wp-content\/uploads\/2026\/03\/PUBLICATION-10x12.jpg",10,12,true],"woocommerce_archive_thumbnail":["https:\/\/www.markette.fr\/wp-content\/uploads\/2026\/03\/PUBLICATION-1080x1080.jpg",1080,1080,true],"woocommerce_thumbnail":["https:\/\/www.markette.fr\/wp-content\/uploads\/2026\/03\/PUBLICATION-1080x1080.jpg",1080,1080,true],"woocommerce_single":["https:\/\/www.markette.fr\/wp-content\/uploads\/2026\/03\/PUBLICATION.jpg",1080,1350,false],"woocommerce_gallery_thumbnail":["https:\/\/www.markette.fr\/wp-content\/uploads\/2026\/03\/PUBLICATION-100x100.jpg",100,100,true]},"uagb_author_info":{"display_name":"Markette","author_link":"https:\/\/www.markette.fr\/en\/author\/"},"uagb_comment_info":0,"uagb_excerpt":"Magnifique desserte vintage sur roulettes sign\u00e9e David Lange pour Les Invisibles du Marais, embl\u00e9matique du design fran\u00e7ais des ann\u00e9es 1970. Sa structure en plexiglas \u00e9pais et transparent lui conf\u00e8re une silhouette \u00e0 la fois l\u00e9g\u00e8re et architecturale. Fonctionnelle et esth\u00e9tique, elle repose sur quatre roulettes parfaitement op\u00e9rationnelles, permettant un d\u00e9placement fluide et pratique au quotidien.&hellip;","_links":{"self":[{"href":"https:\/\/www.markette.fr\/en\/wp-json\/wp\/v2\/product\/8409","targetHints":{"allow":["GET"]}}],"collection":[{"href":"https:\/\/www.markette.fr\/en\/wp-json\/wp\/v2\/product"}],"about":[{"href":"https:\/\/www.markette.fr\/en\/wp-json\/wp\/v2\/types\/product"}],"wp:featuredmedia":[{"embeddable":true,"href":"https:\/\/www.markette.fr\/en\/wp-json\/wp\/v2\/media\/8410"}],"wp:attachment":[{"href":"https:\/\/www.markette.fr\/en\/wp-json\/wp\/v2\/media?parent=8409"}],"wp:term":[{"taxonomy":"product_brand","embeddable":true,"href":"https:\/\/www.markette.fr\/en\/wp-json\/wp\/v2\/product_brand?post=8409"},{"taxonomy":"product_cat","embeddable":true,"href":"https:\/\/www.markette.fr\/en\/wp-json\/wp\/v2\/product_cat?post=8409"},{"taxonomy":"product_tag","embeddable":true,"href":"https:\/\/www.markette.fr\/en\/wp-json\/wp\/v2\/product_tag?post=8409"}],"curies":[{"name":"wp","href":"https:\/\/api.w.org\/{rel}","templated":true}]}}