{"id":8317,"date":"2026-03-16T08:41:33","date_gmt":"2026-03-16T08:41:33","guid":{"rendered":"https:\/\/www.markette.fr\/?post_type=product&#038;p=8317"},"modified":"2026-03-20T13:24:33","modified_gmt":"2026-03-20T13:24:33","slug":"fauteuil-en-bois-ancien-de-style-provencale-esprit-jacquemus","status":"publish","type":"product","link":"https:\/\/www.markette.fr\/en\/boutique\/fauteuil-en-bois-ancien-de-style-provencale-esprit-jacquemus\/","title":{"rendered":"Fauteuil en bois ancien de style proven\u00e7ale &#8211; Esprit Jacquemus"},"content":{"rendered":"<p data-start=\"465\" data-end=\"621\">Fauteuil en bois ancien de style proven\u00e7ale &#8211; esprit Jacquemus.<\/p>\n<p data-start=\"465\" data-end=\"621\">Dossier sculpt\u00e9 et lignes \u00e9l\u00e9gantes.<br data-start=\"541\" data-end=\"544\" \/>Son assise en tissu apporte une touche chaleureuse et confort.<\/p>\n<p data-start=\"623\" data-end=\"748\">Une pi\u00e8ce au caract\u00e8re singulier, dans l\u2019esprit des d\u00e9cors minimalistes que l\u2019on retrouve dans l\u2019univers visuel de Jacquemus.<\/p>\n<p data-start=\"623\" data-end=\"748\">Id\u00e9al pour apporter une note vintage et proven\u00e7ale \u00e0 un int\u00e9rieur contemporain.<\/p>\n<p data-start=\"750\" data-end=\"826\">Bon \u00e9tat de conservation.<br data-start=\"616\" data-end=\"619\" \/>Le tissu d\u2019assise est ancien et pourrait \u00eatre remplac\u00e9 pour un rendu optimal.<br data-start=\"696\" data-end=\"699\" \/>Pr\u00e9sence d\u2019une tache sur le tissu et sous l&rsquo;assise, pas de d\u00e9chirures.<\/p>","protected":false},"excerpt":{"rendered":"<p>Fauteuil en bois ancien de style proven\u00e7ale &#8211; esprit Jacquemus. Dossier sculpt\u00e9 et lignes \u00e9l\u00e9gantes.Son assise en tissu apporte une touche chaleureuse et confort. Une pi\u00e8ce au caract\u00e8re singulier, dans l\u2019esprit des d\u00e9cors minimalistes que l\u2019on retrouve dans l\u2019univers visuel de Jacquemus. Id\u00e9al pour apporter une note vintage et proven\u00e7ale \u00e0 un int\u00e9rieur contemporain. Bon [&hellip;]<\/p>\n","protected":false},"featured_media":8326,"template":"","meta":{"_uag_custom_page_level_css":""},"product_brand":[],"product_cat":[28,34],"product_tag":[],"class_list":{"0":"post-8317","1":"product","2":"type-product","3":"status-publish","4":"has-post-thumbnail","6":"product_cat-les-assises","7":"product_cat-fauteuil","8":"product_shipping_class-colis-small","10":"first","11":"instock","12":"taxable","13":"shipping-taxable","14":"purchasable","15":"product-type-simple"},"uagb_featured_image_src":{"full":["https:\/\/www.markette.fr\/wp-content\/uploads\/2026\/03\/COMMODE-11.jpg",1080,1350,false],"thumbnail":["https:\/\/www.markette.fr\/wp-content\/uploads\/2026\/03\/COMMODE-11-150x150.jpg",150,150,true],"medium":["https:\/\/www.markette.fr\/wp-content\/uploads\/2026\/03\/COMMODE-11-240x300.jpg",240,300,true],"medium_large":["https:\/\/www.markette.fr\/wp-content\/uploads\/2026\/03\/COMMODE-11-768x960.jpg",768,960,true],"large":["https:\/\/www.markette.fr\/wp-content\/uploads\/2026\/03\/COMMODE-11-819x1024.jpg",819,1024,true],"1536x1536":["https:\/\/www.markette.fr\/wp-content\/uploads\/2026\/03\/COMMODE-11.jpg",1080,1350,false],"2048x2048":["https:\/\/www.markette.fr\/wp-content\/uploads\/2026\/03\/COMMODE-11.jpg",1080,1350,false],"trp-custom-language-flag":["https:\/\/www.markette.fr\/wp-content\/uploads\/2026\/03\/COMMODE-11-10x12.jpg",10,12,true],"woocommerce_archive_thumbnail":["https:\/\/www.markette.fr\/wp-content\/uploads\/2026\/03\/COMMODE-11-1080x1080.jpg",1080,1080,true],"woocommerce_thumbnail":["https:\/\/www.markette.fr\/wp-content\/uploads\/2026\/03\/COMMODE-11-1080x1080.jpg",1080,1080,true],"woocommerce_single":["https:\/\/www.markette.fr\/wp-content\/uploads\/2026\/03\/COMMODE-11.jpg",1080,1350,false],"woocommerce_gallery_thumbnail":["https:\/\/www.markette.fr\/wp-content\/uploads\/2026\/03\/COMMODE-11-100x100.jpg",100,100,true]},"uagb_author_info":{"display_name":"Markette","author_link":"https:\/\/www.markette.fr\/en\/author\/"},"uagb_comment_info":0,"uagb_excerpt":"Fauteuil en bois ancien de style proven\u00e7ale &#8211; esprit Jacquemus. Dossier sculpt\u00e9 et lignes \u00e9l\u00e9gantes.Son assise en tissu apporte une touche chaleureuse et confort. Une pi\u00e8ce au caract\u00e8re singulier, dans l\u2019esprit des d\u00e9cors minimalistes que l\u2019on retrouve dans l\u2019univers visuel de Jacquemus. Id\u00e9al pour apporter une note vintage et proven\u00e7ale \u00e0 un int\u00e9rieur contemporain. Bon&hellip;","_links":{"self":[{"href":"https:\/\/www.markette.fr\/en\/wp-json\/wp\/v2\/product\/8317","targetHints":{"allow":["GET"]}}],"collection":[{"href":"https:\/\/www.markette.fr\/en\/wp-json\/wp\/v2\/product"}],"about":[{"href":"https:\/\/www.markette.fr\/en\/wp-json\/wp\/v2\/types\/product"}],"wp:featuredmedia":[{"embeddable":true,"href":"https:\/\/www.markette.fr\/en\/wp-json\/wp\/v2\/media\/8326"}],"wp:attachment":[{"href":"https:\/\/www.markette.fr\/en\/wp-json\/wp\/v2\/media?parent=8317"}],"wp:term":[{"taxonomy":"product_brand","embeddable":true,"href":"https:\/\/www.markette.fr\/en\/wp-json\/wp\/v2\/product_brand?post=8317"},{"taxonomy":"product_cat","embeddable":true,"href":"https:\/\/www.markette.fr\/en\/wp-json\/wp\/v2\/product_cat?post=8317"},{"taxonomy":"product_tag","embeddable":true,"href":"https:\/\/www.markette.fr\/en\/wp-json\/wp\/v2\/product_tag?post=8317"}],"curies":[{"name":"wp","href":"https:\/\/api.w.org\/{rel}","templated":true}]}}