{"id":8283,"date":"2026-03-10T13:27:22","date_gmt":"2026-03-10T13:27:22","guid":{"rendered":"https:\/\/www.markette.fr\/?post_type=product&#038;p=8283"},"modified":"2026-03-16T12:44:08","modified_gmt":"2026-03-16T12:44:08","slug":"commode-pieds-compas-annees-60","status":"publish","type":"product","link":"https:\/\/www.markette.fr\/en\/boutique\/commode-pieds-compas-annees-60\/","title":{"rendered":"Commode pieds compas \u2013 Ann\u00e9es 60"},"content":{"rendered":"<p data-start=\"162\" data-end=\"325\">\u00c9l\u00e9gante commode vintage des ann\u00e9es 60, reconnaissable \u00e0 ses pieds compas \u00e9lanc\u00e9s et \u00e0 son placage en chevrons qui apporte rythme et caract\u00e8re \u00e0 la fa\u00e7ade.<\/p>\n<p data-start=\"327\" data-end=\"513\">Ses trois tiroirs \u00a0offrent un rangement pratique tout en conservant une silhouette l\u00e9g\u00e8re et \u00e9quilibr\u00e9e. Les poign\u00e9es en laiton soulignent son design sobre et intemporel.<\/p>\n<p data-start=\"515\" data-end=\"615\">Une pi\u00e8ce embl\u00e9matique du mobilier mid-century, id\u00e9ale dans une chambre, un salon ou une entr\u00e9e.<\/p>\n<p data-section-id=\"lypc32\" data-start=\"617\" data-end=\"637\">Caract\u00e9ristiques<\/p>\n<ul data-start=\"638\" data-end=\"794\">\n<li data-section-id=\"lrjavi\" data-start=\"638\" data-end=\"663\">\n<p data-start=\"640\" data-end=\"663\">P\u00e9riode : ann\u00e9es 1960<\/p>\n<\/li>\n<li data-section-id=\"1qm3fpt\" data-start=\"664\" data-end=\"704\">\n<p data-start=\"666\" data-end=\"704\">Style : design vintage \/ mid-century<\/p>\n<\/li>\n<li data-section-id=\"78297p\" data-start=\"705\" data-end=\"769\">\n<p data-start=\"707\" data-end=\"769\">Mat\u00e9riaux : bois plaqu\u00e9 (motif chevrons), poign\u00e9es en laiton<\/p>\n<\/li>\n<li data-section-id=\"2tafmf\" data-start=\"770\" data-end=\"794\">\n<p data-start=\"772\" data-end=\"794\">Rangements : 3 tiroirs<\/p>\n<\/li>\n<\/ul>\n<p>Commode enti\u00e8rement ponc\u00e9e et cir\u00e9e, en bel \u00e9tat.<br data-start=\"866\" data-end=\"869\" \/>Quelques \u00e9clats sur le placage sur les c\u00f4t\u00e9s (cf. photos)<\/p>","protected":false},"excerpt":{"rendered":"<p>\u00c9l\u00e9gante commode vintage des ann\u00e9es 60, reconnaissable \u00e0 ses pieds compas \u00e9lanc\u00e9s et \u00e0 son placage en chevrons qui apporte rythme et caract\u00e8re \u00e0 la fa\u00e7ade. Ses trois tiroirs \u00a0offrent un rangement pratique tout en conservant une silhouette l\u00e9g\u00e8re et \u00e9quilibr\u00e9e. Les poign\u00e9es en laiton soulignent son design sobre et intemporel. Une pi\u00e8ce embl\u00e9matique du [&hellip;]<\/p>\n","protected":false},"featured_media":8331,"template":"","meta":{"_uag_custom_page_level_css":""},"product_brand":[],"product_cat":[21,25],"product_tag":[],"class_list":{"0":"post-8283","1":"product","2":"type-product","3":"status-publish","4":"has-post-thumbnail","6":"product_cat-les-meubles","7":"product_cat-buffets-et-commodes","8":"product_shipping_class-colis-xl","10":"first","11":"outofstock","12":"taxable","13":"shipping-taxable","14":"purchasable","15":"product-type-simple"},"uagb_featured_image_src":{"full":["https:\/\/www.markette.fr\/wp-content\/uploads\/2026\/03\/COMMODE-18.jpg",1080,1350,false],"thumbnail":["https:\/\/www.markette.fr\/wp-content\/uploads\/2026\/03\/COMMODE-18-150x150.jpg",150,150,true],"medium":["https:\/\/www.markette.fr\/wp-content\/uploads\/2026\/03\/COMMODE-18-240x300.jpg",240,300,true],"medium_large":["https:\/\/www.markette.fr\/wp-content\/uploads\/2026\/03\/COMMODE-18-768x960.jpg",768,960,true],"large":["https:\/\/www.markette.fr\/wp-content\/uploads\/2026\/03\/COMMODE-18-819x1024.jpg",819,1024,true],"1536x1536":["https:\/\/www.markette.fr\/wp-content\/uploads\/2026\/03\/COMMODE-18.jpg",1080,1350,false],"2048x2048":["https:\/\/www.markette.fr\/wp-content\/uploads\/2026\/03\/COMMODE-18.jpg",1080,1350,false],"trp-custom-language-flag":["https:\/\/www.markette.fr\/wp-content\/uploads\/2026\/03\/COMMODE-18-10x12.jpg",10,12,true],"woocommerce_archive_thumbnail":["https:\/\/www.markette.fr\/wp-content\/uploads\/2026\/03\/COMMODE-18-1080x1080.jpg",1080,1080,true],"woocommerce_thumbnail":["https:\/\/www.markette.fr\/wp-content\/uploads\/2026\/03\/COMMODE-18-1080x1080.jpg",1080,1080,true],"woocommerce_single":["https:\/\/www.markette.fr\/wp-content\/uploads\/2026\/03\/COMMODE-18.jpg",1080,1350,false],"woocommerce_gallery_thumbnail":["https:\/\/www.markette.fr\/wp-content\/uploads\/2026\/03\/COMMODE-18-100x100.jpg",100,100,true]},"uagb_author_info":{"display_name":"MARKETTE","author_link":"https:\/\/www.markette.fr\/en\/author\/"},"uagb_comment_info":0,"uagb_excerpt":"\u00c9l\u00e9gante commode vintage des ann\u00e9es 60, reconnaissable \u00e0 ses pieds compas \u00e9lanc\u00e9s et \u00e0 son placage en chevrons qui apporte rythme et caract\u00e8re \u00e0 la fa\u00e7ade. Ses trois tiroirs \u00a0offrent un rangement pratique tout en conservant une silhouette l\u00e9g\u00e8re et \u00e9quilibr\u00e9e. Les poign\u00e9es en laiton soulignent son design sobre et intemporel. Une pi\u00e8ce embl\u00e9matique du&hellip;","_links":{"self":[{"href":"https:\/\/www.markette.fr\/en\/wp-json\/wp\/v2\/product\/8283","targetHints":{"allow":["GET"]}}],"collection":[{"href":"https:\/\/www.markette.fr\/en\/wp-json\/wp\/v2\/product"}],"about":[{"href":"https:\/\/www.markette.fr\/en\/wp-json\/wp\/v2\/types\/product"}],"wp:featuredmedia":[{"embeddable":true,"href":"https:\/\/www.markette.fr\/en\/wp-json\/wp\/v2\/media\/8331"}],"wp:attachment":[{"href":"https:\/\/www.markette.fr\/en\/wp-json\/wp\/v2\/media?parent=8283"}],"wp:term":[{"taxonomy":"product_brand","embeddable":true,"href":"https:\/\/www.markette.fr\/en\/wp-json\/wp\/v2\/product_brand?post=8283"},{"taxonomy":"product_cat","embeddable":true,"href":"https:\/\/www.markette.fr\/en\/wp-json\/wp\/v2\/product_cat?post=8283"},{"taxonomy":"product_tag","embeddable":true,"href":"https:\/\/www.markette.fr\/en\/wp-json\/wp\/v2\/product_tag?post=8283"}],"curies":[{"name":"wp","href":"https:\/\/api.w.org\/{rel}","templated":true}]}}