{"id":8276,"date":"2026-03-10T09:42:33","date_gmt":"2026-03-10T09:42:33","guid":{"rendered":"https:\/\/www.markette.fr\/?post_type=product&#038;p=8276"},"modified":"2026-03-23T12:34:24","modified_gmt":"2026-03-23T12:34:24","slug":"commode-vintage-en-teck-bambou-et-cannage-annees-70","status":"publish","type":"product","link":"https:\/\/www.markette.fr\/en\/boutique\/commode-vintage-en-teck-bambou-et-cannage-annees-70\/","title":{"rendered":"Commode vintage en teck, bambou et cannage &#8211; Ann\u00e9es 70"},"content":{"rendered":"<p data-start=\"205\" data-end=\"308\">Belle commode vintage en teck, bambou et cannage, au design chaleureux et intemporel.<\/p>\n<p data-start=\"310\" data-end=\"528\">Elle se compose de 3 grands tiroirs avec fa\u00e7ades en cannage et poign\u00e9es en bois.<br data-start=\"394\" data-end=\"397\" \/>La commode est solide, stable et fonctionnelle, avec de beaux volumes de rangement.<\/p>\n<p data-start=\"619\" data-end=\"641\">Caract\u00e9ristiques :<\/p>\n<ul data-start=\"642\" data-end=\"777\">\n<li data-section-id=\"ecs6jn\" data-start=\"642\" data-end=\"659\">\n<p data-start=\"644\" data-end=\"659\">Ann\u00e9es : 1970<\/p>\n<\/li>\n<li data-section-id=\"ont893\" data-start=\"660\" data-end=\"699\">\n<p data-start=\"662\" data-end=\"699\">Mat\u00e9riaux : teck, bambou et cannage<\/p>\n<\/li>\n<li data-section-id=\"1pytq8j\" data-start=\"700\" data-end=\"722\">\n<p data-start=\"702\" data-end=\"722\">3 tiroirs spacieux<\/p>\n<\/li>\n<li data-section-id=\"tdynv9\" data-start=\"723\" data-end=\"744\">\n<p data-start=\"725\" data-end=\"744\">Structure robuste<\/p>\n<\/li>\n<li data-section-id=\"fuaowe\" data-start=\"745\" data-end=\"777\">\n<p data-start=\"747\" data-end=\"777\">Style vintage \/ boh\u00e8me \/ r\u00e9tro<\/p>\n<\/li>\n<\/ul>\n<p data-start=\"779\" data-end=\"871\">\u00c9tat : tr\u00e8s bon \u00e9tat avec l\u00e9g\u00e8res traces du temps qui participent \u00e0 son charme.<\/p>\n<p data-start=\"873\" data-end=\"932\">Id\u00e9ale pour un int\u00e9rieur vintage, scandinave ou boh\u00e8me.<\/p>","protected":false},"excerpt":{"rendered":"<p>Belle commode vintage en teck, bambou et cannage, au design chaleureux et intemporel. Elle se compose de 3 grands tiroirs avec fa\u00e7ades en cannage et poign\u00e9es en bois.La commode est solide, stable et fonctionnelle, avec de beaux volumes de rangement. Caract\u00e9ristiques : Ann\u00e9es : 1970 Mat\u00e9riaux : teck, bambou et cannage 3 tiroirs spacieux Structure [&hellip;]<\/p>\n","protected":false},"featured_media":8332,"template":"","meta":{"_uag_custom_page_level_css":""},"product_brand":[],"product_cat":[21,25],"product_tag":[],"class_list":{"0":"post-8276","1":"product","2":"type-product","3":"status-publish","4":"has-post-thumbnail","6":"product_cat-les-meubles","7":"product_cat-buffets-et-commodes","8":"product_shipping_class-colis-xl","10":"first","11":"instock","12":"taxable","13":"shipping-taxable","14":"purchasable","15":"product-type-simple"},"uagb_featured_image_src":{"full":["https:\/\/www.markette.fr\/wp-content\/uploads\/2026\/03\/COMMODE-19.jpg",1080,1350,false],"thumbnail":["https:\/\/www.markette.fr\/wp-content\/uploads\/2026\/03\/COMMODE-19-150x150.jpg",150,150,true],"medium":["https:\/\/www.markette.fr\/wp-content\/uploads\/2026\/03\/COMMODE-19-240x300.jpg",240,300,true],"medium_large":["https:\/\/www.markette.fr\/wp-content\/uploads\/2026\/03\/COMMODE-19-768x960.jpg",768,960,true],"large":["https:\/\/www.markette.fr\/wp-content\/uploads\/2026\/03\/COMMODE-19-819x1024.jpg",819,1024,true],"1536x1536":["https:\/\/www.markette.fr\/wp-content\/uploads\/2026\/03\/COMMODE-19.jpg",1080,1350,false],"2048x2048":["https:\/\/www.markette.fr\/wp-content\/uploads\/2026\/03\/COMMODE-19.jpg",1080,1350,false],"trp-custom-language-flag":["https:\/\/www.markette.fr\/wp-content\/uploads\/2026\/03\/COMMODE-19-10x12.jpg",10,12,true],"woocommerce_archive_thumbnail":["https:\/\/www.markette.fr\/wp-content\/uploads\/2026\/03\/COMMODE-19-1080x1080.jpg",1080,1080,true],"woocommerce_thumbnail":["https:\/\/www.markette.fr\/wp-content\/uploads\/2026\/03\/COMMODE-19-1080x1080.jpg",1080,1080,true],"woocommerce_single":["https:\/\/www.markette.fr\/wp-content\/uploads\/2026\/03\/COMMODE-19.jpg",1080,1350,false],"woocommerce_gallery_thumbnail":["https:\/\/www.markette.fr\/wp-content\/uploads\/2026\/03\/COMMODE-19-100x100.jpg",100,100,true]},"uagb_author_info":{"display_name":"Markette","author_link":"https:\/\/www.markette.fr\/en\/author\/"},"uagb_comment_info":0,"uagb_excerpt":"Belle commode vintage en teck, bambou et cannage, au design chaleureux et intemporel. Elle se compose de 3 grands tiroirs avec fa\u00e7ades en cannage et poign\u00e9es en bois.La commode est solide, stable et fonctionnelle, avec de beaux volumes de rangement. Caract\u00e9ristiques : Ann\u00e9es : 1970 Mat\u00e9riaux : teck, bambou et cannage 3 tiroirs spacieux Structure&hellip;","_links":{"self":[{"href":"https:\/\/www.markette.fr\/en\/wp-json\/wp\/v2\/product\/8276","targetHints":{"allow":["GET"]}}],"collection":[{"href":"https:\/\/www.markette.fr\/en\/wp-json\/wp\/v2\/product"}],"about":[{"href":"https:\/\/www.markette.fr\/en\/wp-json\/wp\/v2\/types\/product"}],"wp:featuredmedia":[{"embeddable":true,"href":"https:\/\/www.markette.fr\/en\/wp-json\/wp\/v2\/media\/8332"}],"wp:attachment":[{"href":"https:\/\/www.markette.fr\/en\/wp-json\/wp\/v2\/media?parent=8276"}],"wp:term":[{"taxonomy":"product_brand","embeddable":true,"href":"https:\/\/www.markette.fr\/en\/wp-json\/wp\/v2\/product_brand?post=8276"},{"taxonomy":"product_cat","embeddable":true,"href":"https:\/\/www.markette.fr\/en\/wp-json\/wp\/v2\/product_cat?post=8276"},{"taxonomy":"product_tag","embeddable":true,"href":"https:\/\/www.markette.fr\/en\/wp-json\/wp\/v2\/product_tag?post=8276"}],"curies":[{"name":"wp","href":"https:\/\/api.w.org\/{rel}","templated":true}]}}