{"id":8258,"date":"2026-03-03T12:19:17","date_gmt":"2026-03-03T12:19:17","guid":{"rendered":"https:\/\/www.markette.fr\/?post_type=product&#038;p=8258"},"modified":"2026-03-16T12:52:57","modified_gmt":"2026-03-16T12:52:57","slug":"commode-annees-60-70","status":"publish","type":"product","link":"https:\/\/www.markette.fr\/en\/boutique\/commode-annees-60-70\/","title":{"rendered":"Commode ann\u00e9es 60\u201370 en placage teck"},"content":{"rendered":"<p data-start=\"214\" data-end=\"351\" data-rm-block-id=\"block-1\">Commode ann\u00e9es 60\u201370 \u00e0 quatre tiroirs en placage teck aux teintes chaleureuses, reposant sur un pi\u00e8tement compas qui lui donne une silhouette \u00e9lanc\u00e9e.<\/p>\n<p data-start=\"353\" data-end=\"481\" data-rm-block-id=\"block-2\">Poign\u00e9es rondes en laiton d\u2019origine.<br data-start=\"389\" data-end=\"392\" \/>Lignes douces et proportions \u00e9quilibr\u00e9es, typiques du mobilier europ\u00e9en des ann\u00e9es 60\u201370.<\/p>\n<p data-start=\"483\" data-end=\"538\" data-rm-block-id=\"block-3\">Id\u00e9ale en chambre ou en meuble d\u2019appoint dans un salon.<\/p>\n<p data-start=\"540\" data-end=\"753\" data-rm-block-id=\"block-4\">\u00c9tat :<br data-start=\"550\" data-end=\"553\" \/>Tr\u00e8s bon \u00e9tat g\u00e9n\u00e9ral. Enti\u00e8rement ponc\u00e9e, nettoy\u00e9e et revernie pour lui redonner \u00e9clat et protection, tout en respectant sa patine.<br data-start=\"575\" data-end=\"578\" \/>Les tiroirs coulissent parfaitement.<br data-start=\"614\" data-end=\"617\" \/>\u00c0 noter : quelques rayures d\u2019usage sur le plateau ainsi que de rares petits chocs et traces l\u00e9g\u00e8res sur le bois, coh\u00e9rents avec son \u00e2ge.<\/p>","protected":false},"excerpt":{"rendered":"<p>Commode ann\u00e9es 60\u201370 \u00e0 quatre tiroirs en placage teck aux teintes chaleureuses, reposant sur un pi\u00e8tement compas qui lui donne une silhouette \u00e9lanc\u00e9e. Poign\u00e9es rondes en laiton d\u2019origine.Lignes douces et proportions \u00e9quilibr\u00e9es, typiques du mobilier europ\u00e9en des ann\u00e9es 60\u201370. Id\u00e9ale en chambre ou en meuble d\u2019appoint dans un salon. \u00c9tat :Tr\u00e8s bon \u00e9tat g\u00e9n\u00e9ral. Enti\u00e8rement [&hellip;]<\/p>\n","protected":false},"featured_media":8334,"template":"","meta":{"_uag_custom_page_level_css":""},"product_brand":[],"product_cat":[21,25],"product_tag":[],"class_list":{"0":"post-8258","1":"product","2":"type-product","3":"status-publish","4":"has-post-thumbnail","6":"product_cat-les-meubles","7":"product_cat-buffets-et-commodes","8":"product_shipping_class-colis-xl","10":"first","11":"outofstock","12":"taxable","13":"shipping-taxable","14":"purchasable","15":"product-type-simple"},"uagb_featured_image_src":{"full":["https:\/\/www.markette.fr\/wp-content\/uploads\/2026\/03\/COMMODE-20.jpg",1080,1350,false],"thumbnail":["https:\/\/www.markette.fr\/wp-content\/uploads\/2026\/03\/COMMODE-20-150x150.jpg",150,150,true],"medium":["https:\/\/www.markette.fr\/wp-content\/uploads\/2026\/03\/COMMODE-20-240x300.jpg",240,300,true],"medium_large":["https:\/\/www.markette.fr\/wp-content\/uploads\/2026\/03\/COMMODE-20-768x960.jpg",768,960,true],"large":["https:\/\/www.markette.fr\/wp-content\/uploads\/2026\/03\/COMMODE-20-819x1024.jpg",819,1024,true],"1536x1536":["https:\/\/www.markette.fr\/wp-content\/uploads\/2026\/03\/COMMODE-20.jpg",1080,1350,false],"2048x2048":["https:\/\/www.markette.fr\/wp-content\/uploads\/2026\/03\/COMMODE-20.jpg",1080,1350,false],"trp-custom-language-flag":["https:\/\/www.markette.fr\/wp-content\/uploads\/2026\/03\/COMMODE-20-10x12.jpg",10,12,true],"woocommerce_archive_thumbnail":["https:\/\/www.markette.fr\/wp-content\/uploads\/2026\/03\/COMMODE-20-1080x1080.jpg",1080,1080,true],"woocommerce_thumbnail":["https:\/\/www.markette.fr\/wp-content\/uploads\/2026\/03\/COMMODE-20-1080x1080.jpg",1080,1080,true],"woocommerce_single":["https:\/\/www.markette.fr\/wp-content\/uploads\/2026\/03\/COMMODE-20.jpg",1080,1350,false],"woocommerce_gallery_thumbnail":["https:\/\/www.markette.fr\/wp-content\/uploads\/2026\/03\/COMMODE-20-100x100.jpg",100,100,true]},"uagb_author_info":{"display_name":"Markette","author_link":"https:\/\/www.markette.fr\/en\/author\/"},"uagb_comment_info":0,"uagb_excerpt":"Commode ann\u00e9es 60\u201370 \u00e0 quatre tiroirs en placage teck aux teintes chaleureuses, reposant sur un pi\u00e8tement compas qui lui donne une silhouette \u00e9lanc\u00e9e. Poign\u00e9es rondes en laiton d\u2019origine.Lignes douces et proportions \u00e9quilibr\u00e9es, typiques du mobilier europ\u00e9en des ann\u00e9es 60\u201370. Id\u00e9ale en chambre ou en meuble d\u2019appoint dans un salon. \u00c9tat :Tr\u00e8s bon \u00e9tat g\u00e9n\u00e9ral. Enti\u00e8rement&hellip;","_links":{"self":[{"href":"https:\/\/www.markette.fr\/en\/wp-json\/wp\/v2\/product\/8258","targetHints":{"allow":["GET"]}}],"collection":[{"href":"https:\/\/www.markette.fr\/en\/wp-json\/wp\/v2\/product"}],"about":[{"href":"https:\/\/www.markette.fr\/en\/wp-json\/wp\/v2\/types\/product"}],"wp:featuredmedia":[{"embeddable":true,"href":"https:\/\/www.markette.fr\/en\/wp-json\/wp\/v2\/media\/8334"}],"wp:attachment":[{"href":"https:\/\/www.markette.fr\/en\/wp-json\/wp\/v2\/media?parent=8258"}],"wp:term":[{"taxonomy":"product_brand","embeddable":true,"href":"https:\/\/www.markette.fr\/en\/wp-json\/wp\/v2\/product_brand?post=8258"},{"taxonomy":"product_cat","embeddable":true,"href":"https:\/\/www.markette.fr\/en\/wp-json\/wp\/v2\/product_cat?post=8258"},{"taxonomy":"product_tag","embeddable":true,"href":"https:\/\/www.markette.fr\/en\/wp-json\/wp\/v2\/product_tag?post=8258"}],"curies":[{"name":"wp","href":"https:\/\/api.w.org\/{rel}","templated":true}]}}