{"id":8231,"date":"2026-02-28T12:09:47","date_gmt":"2026-02-28T12:09:47","guid":{"rendered":"https:\/\/www.markette.fr\/?post_type=product&#038;p=8231"},"modified":"2026-03-16T12:54:18","modified_gmt":"2026-03-16T12:54:18","slug":"desserte-bar-vintage-en-laiton-1972","status":"publish","type":"product","link":"https:\/\/www.markette.fr\/en\/boutique\/desserte-bar-vintage-en-laiton-1972\/","title":{"rendered":"Desserte \/ bar vintage en laiton \u2013 1972"},"content":{"rendered":"<p data-start=\"144\" data-end=\"311\">Desserte \/ bar vintage en laiton avec deux plateaux en verre noir.<br data-start=\"206\" data-end=\"209\" \/>Dat\u00e9 d\u00e9cembre 1972 (date pr\u00e9sente sous le plateau sup\u00e9rieur), une vraie pi\u00e8ce vintage authentique.<\/p>\n<p data-start=\"313\" data-end=\"479\">Structure en laiton dor\u00e9<br data-start=\"340\" data-end=\"343\" \/>Deux plateaux en verre noir<br data-start=\"373\" data-end=\"376\" \/>Trois compartiments porte-bouteilles int\u00e9gr\u00e9s<br data-start=\"428\" data-end=\"431\" \/>Grandes roues d\u00e9coratives + roulettes avant<\/p>\n<p data-start=\"481\" data-end=\"645\"><br data-start=\"494\" data-end=\"497\" \/>Bel \u00e9tat g\u00e9n\u00e9ral.<br data-start=\"514\" data-end=\"517\" \/>Traces d\u2019oxydation principalement situ\u00e9es sur les roues.<br data-start=\"573\" data-end=\"576\" \/>Le laiton est globalement en bon \u00e9tat avec une belle patine d\u2019\u00e9poque.<\/p>\n<p data-start=\"647\" data-end=\"728\">Pi\u00e8ce \u00e9l\u00e9gante et intemporelle, parfaite en bar d\u2019appoint ou en desserte d\u00e9co<\/p>","protected":false},"excerpt":{"rendered":"<p>Desserte \/ bar vintage en laiton avec deux plateaux en verre noir.Dat\u00e9 d\u00e9cembre 1972 (date pr\u00e9sente sous le plateau sup\u00e9rieur), une vraie pi\u00e8ce vintage authentique. Structure en laiton dor\u00e9Deux plateaux en verre noirTrois compartiments porte-bouteilles int\u00e9gr\u00e9sGrandes roues d\u00e9coratives + roulettes avant Bel \u00e9tat g\u00e9n\u00e9ral.Traces d\u2019oxydation principalement situ\u00e9es sur les roues.Le laiton est globalement en bon [&hellip;]<\/p>\n","protected":false},"featured_media":8335,"template":"","meta":{"_uag_custom_page_level_css":""},"product_brand":[],"product_cat":[21,32],"product_tag":[],"class_list":{"0":"post-8231","1":"product","2":"type-product","3":"status-publish","4":"has-post-thumbnail","6":"product_cat-les-meubles","7":"product_cat-console-et-meuble-d-appoint","8":"product_shipping_class-colis-medium","10":"first","11":"outofstock","12":"sold-individually","13":"taxable","14":"shipping-taxable","15":"purchasable","16":"product-type-simple"},"uagb_featured_image_src":{"full":["https:\/\/www.markette.fr\/wp-content\/uploads\/2026\/02\/COMMODE-21.jpg",1080,1350,false],"thumbnail":["https:\/\/www.markette.fr\/wp-content\/uploads\/2026\/02\/COMMODE-21-150x150.jpg",150,150,true],"medium":["https:\/\/www.markette.fr\/wp-content\/uploads\/2026\/02\/COMMODE-21-240x300.jpg",240,300,true],"medium_large":["https:\/\/www.markette.fr\/wp-content\/uploads\/2026\/02\/COMMODE-21-768x960.jpg",768,960,true],"large":["https:\/\/www.markette.fr\/wp-content\/uploads\/2026\/02\/COMMODE-21-819x1024.jpg",819,1024,true],"1536x1536":["https:\/\/www.markette.fr\/wp-content\/uploads\/2026\/02\/COMMODE-21.jpg",1080,1350,false],"2048x2048":["https:\/\/www.markette.fr\/wp-content\/uploads\/2026\/02\/COMMODE-21.jpg",1080,1350,false],"trp-custom-language-flag":["https:\/\/www.markette.fr\/wp-content\/uploads\/2026\/02\/COMMODE-21-10x12.jpg",10,12,true],"woocommerce_archive_thumbnail":["https:\/\/www.markette.fr\/wp-content\/uploads\/2026\/02\/COMMODE-21-1080x1080.jpg",1080,1080,true],"woocommerce_thumbnail":["https:\/\/www.markette.fr\/wp-content\/uploads\/2026\/02\/COMMODE-21-1080x1080.jpg",1080,1080,true],"woocommerce_single":["https:\/\/www.markette.fr\/wp-content\/uploads\/2026\/02\/COMMODE-21.jpg",1080,1350,false],"woocommerce_gallery_thumbnail":["https:\/\/www.markette.fr\/wp-content\/uploads\/2026\/02\/COMMODE-21-100x100.jpg",100,100,true]},"uagb_author_info":{"display_name":"Markette","author_link":"https:\/\/www.markette.fr\/en\/author\/"},"uagb_comment_info":0,"uagb_excerpt":"Desserte \/ bar vintage en laiton avec deux plateaux en verre noir.Dat\u00e9 d\u00e9cembre 1972 (date pr\u00e9sente sous le plateau sup\u00e9rieur), une vraie pi\u00e8ce vintage authentique. Structure en laiton dor\u00e9Deux plateaux en verre noirTrois compartiments porte-bouteilles int\u00e9gr\u00e9sGrandes roues d\u00e9coratives + roulettes avant Bel \u00e9tat g\u00e9n\u00e9ral.Traces d\u2019oxydation principalement situ\u00e9es sur les roues.Le laiton est globalement en bon&hellip;","_links":{"self":[{"href":"https:\/\/www.markette.fr\/en\/wp-json\/wp\/v2\/product\/8231","targetHints":{"allow":["GET"]}}],"collection":[{"href":"https:\/\/www.markette.fr\/en\/wp-json\/wp\/v2\/product"}],"about":[{"href":"https:\/\/www.markette.fr\/en\/wp-json\/wp\/v2\/types\/product"}],"wp:featuredmedia":[{"embeddable":true,"href":"https:\/\/www.markette.fr\/en\/wp-json\/wp\/v2\/media\/8335"}],"wp:attachment":[{"href":"https:\/\/www.markette.fr\/en\/wp-json\/wp\/v2\/media?parent=8231"}],"wp:term":[{"taxonomy":"product_brand","embeddable":true,"href":"https:\/\/www.markette.fr\/en\/wp-json\/wp\/v2\/product_brand?post=8231"},{"taxonomy":"product_cat","embeddable":true,"href":"https:\/\/www.markette.fr\/en\/wp-json\/wp\/v2\/product_cat?post=8231"},{"taxonomy":"product_tag","embeddable":true,"href":"https:\/\/www.markette.fr\/en\/wp-json\/wp\/v2\/product_tag?post=8231"}],"curies":[{"name":"wp","href":"https:\/\/api.w.org\/{rel}","templated":true}]}}