{"id":8115,"date":"2026-02-18T14:04:03","date_gmt":"2026-02-18T14:04:03","guid":{"rendered":"https:\/\/www.markette.fr\/?post_type=product&#038;p=8115"},"modified":"2026-03-16T12:56:51","modified_gmt":"2026-03-16T12:56:51","slug":"miroir-art-deco-argente","status":"publish","type":"product","link":"https:\/\/www.markette.fr\/en\/boutique\/miroir-art-deco-argente\/","title":{"rendered":"Miroir art d\u00e9co argent\u00e9"},"content":{"rendered":"<p>Charmant miroir Art d\u00e9co en bois argent\u00e9 aux motifs g\u00e9om\u00e9triques et floraux.<\/p>\n<p>Traces d&rsquo;usage et \u00e9clats sont pr\u00e9sents sur le cadre uniquement. (cf photo)<\/p>\n<p>Bon \u00e9tat g\u00e9n\u00e9ral.<\/p>","protected":false},"excerpt":{"rendered":"<p>Charmant miroir Art d\u00e9co en bois argent\u00e9 aux motifs g\u00e9om\u00e9triques et floraux. Traces d&rsquo;usage et \u00e9clats sont pr\u00e9sents sur le cadre uniquement. (cf photo) Bon \u00e9tat g\u00e9n\u00e9ral.<\/p>","protected":false},"featured_media":8337,"template":"","meta":{"_uag_custom_page_level_css":""},"product_brand":[],"product_cat":[24,46],"product_tag":[],"class_list":{"0":"post-8115","1":"product","2":"type-product","3":"status-publish","4":"has-post-thumbnail","6":"product_cat-la-decoration","7":"product_cat-miroir","9":"first","10":"outofstock","11":"taxable","12":"shipping-taxable","13":"purchasable","14":"product-type-simple"},"uagb_featured_image_src":{"full":["https:\/\/www.markette.fr\/wp-content\/uploads\/2026\/02\/COMMODE-23.jpg",1080,1350,false],"thumbnail":["https:\/\/www.markette.fr\/wp-content\/uploads\/2026\/02\/COMMODE-23-150x150.jpg",150,150,true],"medium":["https:\/\/www.markette.fr\/wp-content\/uploads\/2026\/02\/COMMODE-23-240x300.jpg",240,300,true],"medium_large":["https:\/\/www.markette.fr\/wp-content\/uploads\/2026\/02\/COMMODE-23-768x960.jpg",768,960,true],"large":["https:\/\/www.markette.fr\/wp-content\/uploads\/2026\/02\/COMMODE-23-819x1024.jpg",819,1024,true],"1536x1536":["https:\/\/www.markette.fr\/wp-content\/uploads\/2026\/02\/COMMODE-23.jpg",1080,1350,false],"2048x2048":["https:\/\/www.markette.fr\/wp-content\/uploads\/2026\/02\/COMMODE-23.jpg",1080,1350,false],"trp-custom-language-flag":["https:\/\/www.markette.fr\/wp-content\/uploads\/2026\/02\/COMMODE-23-10x12.jpg",10,12,true],"woocommerce_archive_thumbnail":["https:\/\/www.markette.fr\/wp-content\/uploads\/2026\/02\/COMMODE-23-1080x1080.jpg",1080,1080,true],"woocommerce_thumbnail":["https:\/\/www.markette.fr\/wp-content\/uploads\/2026\/02\/COMMODE-23-1080x1080.jpg",1080,1080,true],"woocommerce_single":["https:\/\/www.markette.fr\/wp-content\/uploads\/2026\/02\/COMMODE-23.jpg",1080,1350,false],"woocommerce_gallery_thumbnail":["https:\/\/www.markette.fr\/wp-content\/uploads\/2026\/02\/COMMODE-23-100x100.jpg",100,100,true]},"uagb_author_info":{"display_name":"Markette","author_link":"https:\/\/www.markette.fr\/en\/author\/"},"uagb_comment_info":0,"uagb_excerpt":"Charmant miroir Art d\u00e9co en bois argent\u00e9 aux motifs g\u00e9om\u00e9triques et floraux. Traces d&rsquo;usage et \u00e9clats sont pr\u00e9sents sur le cadre uniquement. (cf photo) Bon \u00e9tat g\u00e9n\u00e9ral.","_links":{"self":[{"href":"https:\/\/www.markette.fr\/en\/wp-json\/wp\/v2\/product\/8115","targetHints":{"allow":["GET"]}}],"collection":[{"href":"https:\/\/www.markette.fr\/en\/wp-json\/wp\/v2\/product"}],"about":[{"href":"https:\/\/www.markette.fr\/en\/wp-json\/wp\/v2\/types\/product"}],"wp:featuredmedia":[{"embeddable":true,"href":"https:\/\/www.markette.fr\/en\/wp-json\/wp\/v2\/media\/8337"}],"wp:attachment":[{"href":"https:\/\/www.markette.fr\/en\/wp-json\/wp\/v2\/media?parent=8115"}],"wp:term":[{"taxonomy":"product_brand","embeddable":true,"href":"https:\/\/www.markette.fr\/en\/wp-json\/wp\/v2\/product_brand?post=8115"},{"taxonomy":"product_cat","embeddable":true,"href":"https:\/\/www.markette.fr\/en\/wp-json\/wp\/v2\/product_cat?post=8115"},{"taxonomy":"product_tag","embeddable":true,"href":"https:\/\/www.markette.fr\/en\/wp-json\/wp\/v2\/product_tag?post=8115"}],"curies":[{"name":"wp","href":"https:\/\/api.w.org\/{rel}","templated":true}]}}