{"id":8056,"date":"2026-02-09T17:37:07","date_gmt":"2026-02-09T17:37:07","guid":{"rendered":"https:\/\/www.markette.fr\/?post_type=product&#038;p=8056"},"modified":"2026-03-16T12:58:56","modified_gmt":"2026-03-16T12:58:56","slug":"chaise-vintage-marron-annees-60","status":"publish","type":"product","link":"https:\/\/www.markette.fr\/en\/boutique\/chaise-vintage-marron-annees-60\/","title":{"rendered":"Chaise vintage marron &#8211; Ann\u00e9es 60"},"content":{"rendered":"<p>Tr\u00e8s belle chaise ann\u00e9es 60 en laine ray\u00e9e marron (d&rsquo;origine) dans l\u2019esprit du c\u00e9l\u00e8bre mod\u00e8le Deauville d\u2019Airborne.<\/p>\n<p>La structure en acier est en bon \u00e9tat, le tissu quant \u00e0 lui pr\u00e9sente des marques d\u2019usure li\u00e9es \u00e0 son \u00e2ge, ce qui en fait une pi\u00e8ce id\u00e9ale pour les amateurs de mobilier vintage souhaitant restaurer ou retapisser la chaise avec un tissu adapt\u00e9 \u00e0 leur int\u00e9rieur.<\/p>\n<p>Deux chaises disponibles.<\/p>\n<p>&nbsp;<\/p>","protected":false},"excerpt":{"rendered":"<p>Tr\u00e8s belle chaise ann\u00e9es 60 en laine ray\u00e9e marron (d&rsquo;origine) dans l\u2019esprit du c\u00e9l\u00e8bre mod\u00e8le Deauville d\u2019Airborne. La structure en acier est en bon \u00e9tat, le tissu quant \u00e0 lui pr\u00e9sente des marques d\u2019usure li\u00e9es \u00e0 son \u00e2ge, ce qui en fait une pi\u00e8ce id\u00e9ale pour les amateurs de mobilier vintage souhaitant restaurer ou retapisser [&hellip;]<\/p>\n","protected":false},"featured_media":8339,"template":"","meta":{"_uag_custom_page_level_css":""},"product_brand":[],"product_cat":[35,28,29],"product_tag":[],"class_list":{"0":"post-8056","1":"product","2":"type-product","3":"status-publish","4":"has-post-thumbnail","6":"product_cat-chaise","7":"product_cat-les-assises","8":"product_cat-seconde-chance","9":"product_shipping_class-colis-small","11":"first","12":"instock","13":"taxable","14":"shipping-taxable","15":"purchasable","16":"product-type-simple"},"uagb_featured_image_src":{"full":["https:\/\/www.markette.fr\/wp-content\/uploads\/2026\/02\/COMMODE-24.jpg",1080,1350,false],"thumbnail":["https:\/\/www.markette.fr\/wp-content\/uploads\/2026\/02\/COMMODE-24-150x150.jpg",150,150,true],"medium":["https:\/\/www.markette.fr\/wp-content\/uploads\/2026\/02\/COMMODE-24-240x300.jpg",240,300,true],"medium_large":["https:\/\/www.markette.fr\/wp-content\/uploads\/2026\/02\/COMMODE-24-768x960.jpg",768,960,true],"large":["https:\/\/www.markette.fr\/wp-content\/uploads\/2026\/02\/COMMODE-24-819x1024.jpg",819,1024,true],"1536x1536":["https:\/\/www.markette.fr\/wp-content\/uploads\/2026\/02\/COMMODE-24.jpg",1080,1350,false],"2048x2048":["https:\/\/www.markette.fr\/wp-content\/uploads\/2026\/02\/COMMODE-24.jpg",1080,1350,false],"trp-custom-language-flag":["https:\/\/www.markette.fr\/wp-content\/uploads\/2026\/02\/COMMODE-24-10x12.jpg",10,12,true],"woocommerce_archive_thumbnail":["https:\/\/www.markette.fr\/wp-content\/uploads\/2026\/02\/COMMODE-24-1080x1080.jpg",1080,1080,true],"woocommerce_thumbnail":["https:\/\/www.markette.fr\/wp-content\/uploads\/2026\/02\/COMMODE-24-1080x1080.jpg",1080,1080,true],"woocommerce_single":["https:\/\/www.markette.fr\/wp-content\/uploads\/2026\/02\/COMMODE-24.jpg",1080,1350,false],"woocommerce_gallery_thumbnail":["https:\/\/www.markette.fr\/wp-content\/uploads\/2026\/02\/COMMODE-24-100x100.jpg",100,100,true]},"uagb_author_info":{"display_name":"Markette","author_link":"https:\/\/www.markette.fr\/en\/author\/"},"uagb_comment_info":0,"uagb_excerpt":"Tr\u00e8s belle chaise ann\u00e9es 60 en laine ray\u00e9e marron (d&rsquo;origine) dans l\u2019esprit du c\u00e9l\u00e8bre mod\u00e8le Deauville d\u2019Airborne. La structure en acier est en bon \u00e9tat, le tissu quant \u00e0 lui pr\u00e9sente des marques d\u2019usure li\u00e9es \u00e0 son \u00e2ge, ce qui en fait une pi\u00e8ce id\u00e9ale pour les amateurs de mobilier vintage souhaitant restaurer ou retapisser&hellip;","_links":{"self":[{"href":"https:\/\/www.markette.fr\/en\/wp-json\/wp\/v2\/product\/8056","targetHints":{"allow":["GET"]}}],"collection":[{"href":"https:\/\/www.markette.fr\/en\/wp-json\/wp\/v2\/product"}],"about":[{"href":"https:\/\/www.markette.fr\/en\/wp-json\/wp\/v2\/types\/product"}],"wp:featuredmedia":[{"embeddable":true,"href":"https:\/\/www.markette.fr\/en\/wp-json\/wp\/v2\/media\/8339"}],"wp:attachment":[{"href":"https:\/\/www.markette.fr\/en\/wp-json\/wp\/v2\/media?parent=8056"}],"wp:term":[{"taxonomy":"product_brand","embeddable":true,"href":"https:\/\/www.markette.fr\/en\/wp-json\/wp\/v2\/product_brand?post=8056"},{"taxonomy":"product_cat","embeddable":true,"href":"https:\/\/www.markette.fr\/en\/wp-json\/wp\/v2\/product_cat?post=8056"},{"taxonomy":"product_tag","embeddable":true,"href":"https:\/\/www.markette.fr\/en\/wp-json\/wp\/v2\/product_tag?post=8056"}],"curies":[{"name":"wp","href":"https:\/\/api.w.org\/{rel}","templated":true}]}}