{"id":8054,"date":"2026-02-09T17:24:26","date_gmt":"2026-02-09T17:24:26","guid":{"rendered":"https:\/\/www.markette.fr\/?post_type=product&#038;p=8054"},"modified":"2026-03-16T12:57:41","modified_gmt":"2026-03-16T12:57:41","slug":"fauteuil-wassily-reedition-habitat-annees-80","status":"publish","type":"product","link":"https:\/\/www.markette.fr\/en\/boutique\/fauteuil-wassily-reedition-habitat-annees-80\/","title":{"rendered":"Fauteuil Wassily, r\u00e9\u00e9dition Habitat &#8211; Ann\u00e9es 80"},"content":{"rendered":"<p>ICONIQUE &#8211; Fauteuil Wassily dessin\u00e9e par Marcel Breuer en 1925.<\/p>\n<p>R\u00e9\u00e9dition Habitat, ann\u00e9es 1980.<\/p>\n<p>Couleur: blanc.<\/p>\n<p>Parfait \u00e9tat.<\/p>","protected":false},"excerpt":{"rendered":"<p>ICONIQUE &#8211; Fauteuil Wassily dessin\u00e9e par Marcel Breuer en 1925. R\u00e9\u00e9dition Habitat, ann\u00e9es 1980. Couleur: blanc. Parfait \u00e9tat.<\/p>","protected":false},"featured_media":8338,"template":"","meta":{"_uag_custom_page_level_css":""},"product_brand":[],"product_cat":[34,28],"product_tag":[],"class_list":{"0":"post-8054","1":"product","2":"type-product","3":"status-publish","4":"has-post-thumbnail","6":"product_cat-fauteuil","7":"product_cat-les-assises","9":"first","10":"outofstock","11":"featured","12":"taxable","13":"shipping-taxable","14":"product-type-simple"},"uagb_featured_image_src":{"full":["https:\/\/www.markette.fr\/wp-content\/uploads\/2026\/02\/COMMODE-22.jpg",1080,1350,false],"thumbnail":["https:\/\/www.markette.fr\/wp-content\/uploads\/2026\/02\/COMMODE-22-150x150.jpg",150,150,true],"medium":["https:\/\/www.markette.fr\/wp-content\/uploads\/2026\/02\/COMMODE-22-240x300.jpg",240,300,true],"medium_large":["https:\/\/www.markette.fr\/wp-content\/uploads\/2026\/02\/COMMODE-22-768x960.jpg",768,960,true],"large":["https:\/\/www.markette.fr\/wp-content\/uploads\/2026\/02\/COMMODE-22-819x1024.jpg",819,1024,true],"1536x1536":["https:\/\/www.markette.fr\/wp-content\/uploads\/2026\/02\/COMMODE-22.jpg",1080,1350,false],"2048x2048":["https:\/\/www.markette.fr\/wp-content\/uploads\/2026\/02\/COMMODE-22.jpg",1080,1350,false],"trp-custom-language-flag":["https:\/\/www.markette.fr\/wp-content\/uploads\/2026\/02\/COMMODE-22-10x12.jpg",10,12,true],"woocommerce_archive_thumbnail":["https:\/\/www.markette.fr\/wp-content\/uploads\/2026\/02\/COMMODE-22-1080x1080.jpg",1080,1080,true],"woocommerce_thumbnail":["https:\/\/www.markette.fr\/wp-content\/uploads\/2026\/02\/COMMODE-22-1080x1080.jpg",1080,1080,true],"woocommerce_single":["https:\/\/www.markette.fr\/wp-content\/uploads\/2026\/02\/COMMODE-22.jpg",1080,1350,false],"woocommerce_gallery_thumbnail":["https:\/\/www.markette.fr\/wp-content\/uploads\/2026\/02\/COMMODE-22-100x100.jpg",100,100,true]},"uagb_author_info":{"display_name":"Markette","author_link":"https:\/\/www.markette.fr\/en\/author\/"},"uagb_comment_info":0,"uagb_excerpt":"ICONIQUE &#8211; Fauteuil Wassily dessin\u00e9e par Marcel Breuer en 1925. R\u00e9\u00e9dition Habitat, ann\u00e9es 1980. Couleur: blanc. Parfait \u00e9tat.","_links":{"self":[{"href":"https:\/\/www.markette.fr\/en\/wp-json\/wp\/v2\/product\/8054","targetHints":{"allow":["GET"]}}],"collection":[{"href":"https:\/\/www.markette.fr\/en\/wp-json\/wp\/v2\/product"}],"about":[{"href":"https:\/\/www.markette.fr\/en\/wp-json\/wp\/v2\/types\/product"}],"wp:featuredmedia":[{"embeddable":true,"href":"https:\/\/www.markette.fr\/en\/wp-json\/wp\/v2\/media\/8338"}],"wp:attachment":[{"href":"https:\/\/www.markette.fr\/en\/wp-json\/wp\/v2\/media?parent=8054"}],"wp:term":[{"taxonomy":"product_brand","embeddable":true,"href":"https:\/\/www.markette.fr\/en\/wp-json\/wp\/v2\/product_brand?post=8054"},{"taxonomy":"product_cat","embeddable":true,"href":"https:\/\/www.markette.fr\/en\/wp-json\/wp\/v2\/product_cat?post=8054"},{"taxonomy":"product_tag","embeddable":true,"href":"https:\/\/www.markette.fr\/en\/wp-json\/wp\/v2\/product_tag?post=8054"}],"curies":[{"name":"wp","href":"https:\/\/api.w.org\/{rel}","templated":true}]}}