{"id":8053,"date":"2026-02-09T17:19:47","date_gmt":"2026-02-09T17:19:47","guid":{"rendered":"https:\/\/www.markette.fr\/?post_type=product&#038;p=8053"},"modified":"2026-03-14T19:31:44","modified_gmt":"2026-03-14T19:31:44","slug":"coupe-en-cristal-signee-art-vannes-annees-60","status":"publish","type":"product","link":"https:\/\/www.markette.fr\/en\/boutique\/coupe-en-cristal-signee-art-vannes-annees-60\/","title":{"rendered":"Coupe en cristal sign\u00e9e ART VANNES &#8211; Ann\u00e9es 60"},"content":{"rendered":"<p>Jolie coupe en cristal estampill\u00e9e ART VANNES en tr\u00e8s bon \u00e9tat. Id\u00e9ale pour centre de table ou objet d\u00e9coratif.<\/p>\n<p>L\u2019origine d\u2019<span class=\"caps\">ART<\/span> Vannes se trouve dans le village de Vannes-le-Chantel situ\u00e9 dans l\u2019est de la France. Les fours ayant fonctionn\u00e9 que de 1950 \u00e0 1970, ses magnifiques pi\u00e8ces sont consid\u00e9r\u00e9es comme une trouvaille exceptionnelle.<\/p>","protected":false},"excerpt":{"rendered":"<p>Jolie coupe en cristal estampill\u00e9e ART VANNES en tr\u00e8s bon \u00e9tat. Id\u00e9ale pour centre de table ou objet d\u00e9coratif. L\u2019origine d\u2019ART Vannes se trouve dans le village de Vannes-le-Chantel situ\u00e9 dans l\u2019est de la France. Les fours ayant fonctionn\u00e9 que de 1950 \u00e0 1970, ses magnifiques pi\u00e8ces sont consid\u00e9r\u00e9es comme une trouvaille exceptionnelle.<\/p>","protected":false},"featured_media":8305,"template":"","meta":{"_uag_custom_page_level_css":""},"product_brand":[],"product_cat":[24,48],"product_tag":[],"class_list":{"0":"post-8053","1":"product","2":"type-product","3":"status-publish","4":"has-post-thumbnail","6":"product_cat-la-decoration","7":"product_cat-vase-et-ceramique","8":"product_shipping_class-colis-small","10":"first","11":"instock","12":"taxable","13":"shipping-taxable","14":"purchasable","15":"product-type-simple"},"uagb_featured_image_src":{"full":["https:\/\/www.markette.fr\/wp-content\/uploads\/2026\/02\/ChatGPT-Image-14-mars-2026-19_33_47-3.jpg",1080,1350,false],"thumbnail":["https:\/\/www.markette.fr\/wp-content\/uploads\/2026\/02\/ChatGPT-Image-14-mars-2026-19_33_47-3-150x150.jpg",150,150,true],"medium":["https:\/\/www.markette.fr\/wp-content\/uploads\/2026\/02\/ChatGPT-Image-14-mars-2026-19_33_47-3-240x300.jpg",240,300,true],"medium_large":["https:\/\/www.markette.fr\/wp-content\/uploads\/2026\/02\/ChatGPT-Image-14-mars-2026-19_33_47-3-768x960.jpg",768,960,true],"large":["https:\/\/www.markette.fr\/wp-content\/uploads\/2026\/02\/ChatGPT-Image-14-mars-2026-19_33_47-3-819x1024.jpg",819,1024,true],"1536x1536":["https:\/\/www.markette.fr\/wp-content\/uploads\/2026\/02\/ChatGPT-Image-14-mars-2026-19_33_47-3.jpg",1080,1350,false],"2048x2048":["https:\/\/www.markette.fr\/wp-content\/uploads\/2026\/02\/ChatGPT-Image-14-mars-2026-19_33_47-3.jpg",1080,1350,false],"trp-custom-language-flag":["https:\/\/www.markette.fr\/wp-content\/uploads\/2026\/02\/ChatGPT-Image-14-mars-2026-19_33_47-3-10x12.jpg",10,12,true],"woocommerce_archive_thumbnail":["https:\/\/www.markette.fr\/wp-content\/uploads\/2026\/02\/ChatGPT-Image-14-mars-2026-19_33_47-3-1080x1080.jpg",1080,1080,true],"woocommerce_thumbnail":["https:\/\/www.markette.fr\/wp-content\/uploads\/2026\/02\/ChatGPT-Image-14-mars-2026-19_33_47-3-1080x1080.jpg",1080,1080,true],"woocommerce_single":["https:\/\/www.markette.fr\/wp-content\/uploads\/2026\/02\/ChatGPT-Image-14-mars-2026-19_33_47-3.jpg",1080,1350,false],"woocommerce_gallery_thumbnail":["https:\/\/www.markette.fr\/wp-content\/uploads\/2026\/02\/ChatGPT-Image-14-mars-2026-19_33_47-3-100x100.jpg",100,100,true]},"uagb_author_info":{"display_name":"Markette","author_link":"https:\/\/www.markette.fr\/en\/author\/"},"uagb_comment_info":0,"uagb_excerpt":"Jolie coupe en cristal estampill\u00e9e ART VANNES en tr\u00e8s bon \u00e9tat. Id\u00e9ale pour centre de table ou objet d\u00e9coratif. L\u2019origine d\u2019ART Vannes se trouve dans le village de Vannes-le-Chantel situ\u00e9 dans l\u2019est de la France. Les fours ayant fonctionn\u00e9 que de 1950 \u00e0 1970, ses magnifiques pi\u00e8ces sont consid\u00e9r\u00e9es comme une trouvaille exceptionnelle.","_links":{"self":[{"href":"https:\/\/www.markette.fr\/en\/wp-json\/wp\/v2\/product\/8053","targetHints":{"allow":["GET"]}}],"collection":[{"href":"https:\/\/www.markette.fr\/en\/wp-json\/wp\/v2\/product"}],"about":[{"href":"https:\/\/www.markette.fr\/en\/wp-json\/wp\/v2\/types\/product"}],"wp:featuredmedia":[{"embeddable":true,"href":"https:\/\/www.markette.fr\/en\/wp-json\/wp\/v2\/media\/8305"}],"wp:attachment":[{"href":"https:\/\/www.markette.fr\/en\/wp-json\/wp\/v2\/media?parent=8053"}],"wp:term":[{"taxonomy":"product_brand","embeddable":true,"href":"https:\/\/www.markette.fr\/en\/wp-json\/wp\/v2\/product_brand?post=8053"},{"taxonomy":"product_cat","embeddable":true,"href":"https:\/\/www.markette.fr\/en\/wp-json\/wp\/v2\/product_cat?post=8053"},{"taxonomy":"product_tag","embeddable":true,"href":"https:\/\/www.markette.fr\/en\/wp-json\/wp\/v2\/product_tag?post=8053"}],"curies":[{"name":"wp","href":"https:\/\/api.w.org\/{rel}","templated":true}]}}