{"id":8047,"date":"2026-02-09T17:06:40","date_gmt":"2026-02-09T17:06:40","guid":{"rendered":"https:\/\/www.markette.fr\/?post_type=product&#038;p=8047"},"modified":"2026-03-23T12:15:57","modified_gmt":"2026-03-23T12:15:57","slug":"affiche-originale-air-france","status":"publish","type":"product","link":"https:\/\/www.markette.fr\/en\/boutique\/affiche-originale-air-france\/","title":{"rendered":"Affiche originale Air France Paris, GEORGES MATHIEU &#8211; 1967"},"content":{"rendered":"<p>Affiche originale Air France \u2013 Georges Mathieu, 1967 \u00e0 encadrer.<\/p>\n<p data-start=\"81\" data-end=\"229\"><em>Figure majeure de l\u2019abstraction lyrique, Georges Mathieu a profond\u00e9ment marqu\u00e9 l\u2019art du XX\u1d49 si\u00e8cle par son travail gestuel, rapide et audacieux.<\/em><\/p>\n<p data-start=\"231\" data-end=\"528\"><em>En 1967, il r\u00e9alise pour Air France une s\u00e9rie de 16 affiches m\u00ealant cr\u00e9ation contemporaine et communication internationale, pr\u00e9sent\u00e9es au Mus\u00e9e d\u2019Art Moderne de la Ville de Paris. Le succ\u00e8s est imm\u00e9diat, avec de nombreuses expositions et plus d\u2019un million d\u2019exemplaires diffus\u00e9s dans le monde.<\/em><\/p>\n<p data-start=\"530\" data-end=\"624\">Cette affiche consacr\u00e9e \u00e0 Paris fait partie de cette s\u00e9rie embl\u00e9matique devenue iconique. Etat: quelques marques d&rsquo;usage, tr\u00e8s bon \u00e9tat g\u00e9n\u00e9ral.<\/p>\n<p data-start=\"530\" data-end=\"624\">","protected":false},"excerpt":{"rendered":"<p>Affiche originale Air France \u2013 Georges Mathieu, 1967 \u00e0 encadrer. Figure majeure de l\u2019abstraction lyrique, Georges Mathieu a profond\u00e9ment marqu\u00e9 l\u2019art du XX\u1d49 si\u00e8cle par son travail gestuel, rapide et audacieux. En 1967, il r\u00e9alise pour Air France une s\u00e9rie de 16 affiches m\u00ealant cr\u00e9ation contemporaine et communication internationale, pr\u00e9sent\u00e9es au Mus\u00e9e d\u2019Art Moderne de [&hellip;]<\/p>\n","protected":false},"featured_media":8341,"template":"","meta":{"_uag_custom_page_level_css":""},"product_brand":[],"product_cat":[47,24],"product_tag":[],"class_list":{"0":"post-8047","1":"product","2":"type-product","3":"status-publish","4":"has-post-thumbnail","6":"product_cat-affiche-et-art-mural","7":"product_cat-la-decoration","8":"product_shipping_class-colis-small","10":"first","11":"instock","12":"taxable","13":"shipping-taxable","14":"purchasable","15":"product-type-simple"},"uagb_featured_image_src":{"full":["https:\/\/www.markette.fr\/wp-content\/uploads\/2026\/02\/COMMODE-25.jpg",1080,1350,false],"thumbnail":["https:\/\/www.markette.fr\/wp-content\/uploads\/2026\/02\/COMMODE-25-150x150.jpg",150,150,true],"medium":["https:\/\/www.markette.fr\/wp-content\/uploads\/2026\/02\/COMMODE-25-240x300.jpg",240,300,true],"medium_large":["https:\/\/www.markette.fr\/wp-content\/uploads\/2026\/02\/COMMODE-25-768x960.jpg",768,960,true],"large":["https:\/\/www.markette.fr\/wp-content\/uploads\/2026\/02\/COMMODE-25-819x1024.jpg",819,1024,true],"1536x1536":["https:\/\/www.markette.fr\/wp-content\/uploads\/2026\/02\/COMMODE-25.jpg",1080,1350,false],"2048x2048":["https:\/\/www.markette.fr\/wp-content\/uploads\/2026\/02\/COMMODE-25.jpg",1080,1350,false],"trp-custom-language-flag":["https:\/\/www.markette.fr\/wp-content\/uploads\/2026\/02\/COMMODE-25-10x12.jpg",10,12,true],"woocommerce_archive_thumbnail":["https:\/\/www.markette.fr\/wp-content\/uploads\/2026\/02\/COMMODE-25-1080x1080.jpg",1080,1080,true],"woocommerce_thumbnail":["https:\/\/www.markette.fr\/wp-content\/uploads\/2026\/02\/COMMODE-25-1080x1080.jpg",1080,1080,true],"woocommerce_single":["https:\/\/www.markette.fr\/wp-content\/uploads\/2026\/02\/COMMODE-25.jpg",1080,1350,false],"woocommerce_gallery_thumbnail":["https:\/\/www.markette.fr\/wp-content\/uploads\/2026\/02\/COMMODE-25-100x100.jpg",100,100,true]},"uagb_author_info":{"display_name":"Markette","author_link":"https:\/\/www.markette.fr\/en\/author\/"},"uagb_comment_info":0,"uagb_excerpt":"Affiche originale Air France \u2013 Georges Mathieu, 1967 \u00e0 encadrer. Figure majeure de l\u2019abstraction lyrique, Georges Mathieu a profond\u00e9ment marqu\u00e9 l\u2019art du XX\u1d49 si\u00e8cle par son travail gestuel, rapide et audacieux. En 1967, il r\u00e9alise pour Air France une s\u00e9rie de 16 affiches m\u00ealant cr\u00e9ation contemporaine et communication internationale, pr\u00e9sent\u00e9es au Mus\u00e9e d\u2019Art Moderne de&hellip;","_links":{"self":[{"href":"https:\/\/www.markette.fr\/en\/wp-json\/wp\/v2\/product\/8047","targetHints":{"allow":["GET"]}}],"collection":[{"href":"https:\/\/www.markette.fr\/en\/wp-json\/wp\/v2\/product"}],"about":[{"href":"https:\/\/www.markette.fr\/en\/wp-json\/wp\/v2\/types\/product"}],"wp:featuredmedia":[{"embeddable":true,"href":"https:\/\/www.markette.fr\/en\/wp-json\/wp\/v2\/media\/8341"}],"wp:attachment":[{"href":"https:\/\/www.markette.fr\/en\/wp-json\/wp\/v2\/media?parent=8047"}],"wp:term":[{"taxonomy":"product_brand","embeddable":true,"href":"https:\/\/www.markette.fr\/en\/wp-json\/wp\/v2\/product_brand?post=8047"},{"taxonomy":"product_cat","embeddable":true,"href":"https:\/\/www.markette.fr\/en\/wp-json\/wp\/v2\/product_cat?post=8047"},{"taxonomy":"product_tag","embeddable":true,"href":"https:\/\/www.markette.fr\/en\/wp-json\/wp\/v2\/product_tag?post=8047"}],"curies":[{"name":"wp","href":"https:\/\/api.w.org\/{rel}","templated":true}]}}