{"id":8046,"date":"2026-02-09T15:20:16","date_gmt":"2026-02-09T15:20:16","guid":{"rendered":"https:\/\/www.markette.fr\/?post_type=product&#038;p=8046"},"modified":"2026-03-23T12:11:03","modified_gmt":"2026-03-23T12:11:03","slug":"chaises-en-rotin-vintage-annees-60","status":"publish","type":"product","link":"https:\/\/www.markette.fr\/en\/boutique\/chaises-en-rotin-vintage-annees-60\/","title":{"rendered":"Chaises en rotin vintage \u2013 Ann\u00e9es 60"},"content":{"rendered":"<p data-rm-block-id=\"block-1\">Chaises en rotin vintage, ann\u00e9es 60, \u00e9l\u00e9gantes et intemporelles. Tapiss\u00e9e d&rsquo;un tissu \u00e0 motifs floraux bleu. Tr\u00e8s bon \u00e9tat.<\/p>\n<p data-rm-block-id=\"block-2\">3 chaises disponibles<\/p>\n<p data-rm-block-id=\"block-3\">","protected":false},"excerpt":{"rendered":"<p>Chaises en rotin vintage, ann\u00e9es 60, \u00e9l\u00e9gantes et intemporelles. Tapiss\u00e9e d&rsquo;un tissu \u00e0 motifs floraux bleu. Tr\u00e8s bon \u00e9tat. 3 chaises disponibles<\/p>","protected":false},"featured_media":8340,"template":"","meta":{"_uag_custom_page_level_css":""},"product_brand":[],"product_cat":[35,28],"product_tag":[],"class_list":{"0":"post-8046","1":"product","2":"type-product","3":"status-publish","4":"has-post-thumbnail","6":"product_cat-chaise","7":"product_cat-les-assises","8":"product_shipping_class-colis-small","10":"first","11":"outofstock","12":"taxable","13":"shipping-taxable","14":"purchasable","15":"product-type-simple"},"uagb_featured_image_src":{"full":["https:\/\/www.markette.fr\/wp-content\/uploads\/2026\/02\/COMMODE-12.jpg",1080,1350,false],"thumbnail":["https:\/\/www.markette.fr\/wp-content\/uploads\/2026\/02\/COMMODE-12-150x150.jpg",150,150,true],"medium":["https:\/\/www.markette.fr\/wp-content\/uploads\/2026\/02\/COMMODE-12-240x300.jpg",240,300,true],"medium_large":["https:\/\/www.markette.fr\/wp-content\/uploads\/2026\/02\/COMMODE-12-768x960.jpg",768,960,true],"large":["https:\/\/www.markette.fr\/wp-content\/uploads\/2026\/02\/COMMODE-12-819x1024.jpg",819,1024,true],"1536x1536":["https:\/\/www.markette.fr\/wp-content\/uploads\/2026\/02\/COMMODE-12.jpg",1080,1350,false],"2048x2048":["https:\/\/www.markette.fr\/wp-content\/uploads\/2026\/02\/COMMODE-12.jpg",1080,1350,false],"trp-custom-language-flag":["https:\/\/www.markette.fr\/wp-content\/uploads\/2026\/02\/COMMODE-12-10x12.jpg",10,12,true],"woocommerce_archive_thumbnail":["https:\/\/www.markette.fr\/wp-content\/uploads\/2026\/02\/COMMODE-12-1080x1080.jpg",1080,1080,true],"woocommerce_thumbnail":["https:\/\/www.markette.fr\/wp-content\/uploads\/2026\/02\/COMMODE-12-1080x1080.jpg",1080,1080,true],"woocommerce_single":["https:\/\/www.markette.fr\/wp-content\/uploads\/2026\/02\/COMMODE-12.jpg",1080,1350,false],"woocommerce_gallery_thumbnail":["https:\/\/www.markette.fr\/wp-content\/uploads\/2026\/02\/COMMODE-12-100x100.jpg",100,100,true]},"uagb_author_info":{"display_name":"Markette","author_link":"https:\/\/www.markette.fr\/en\/author\/"},"uagb_comment_info":0,"uagb_excerpt":"Chaises en rotin vintage, ann\u00e9es 60, \u00e9l\u00e9gantes et intemporelles. Tapiss\u00e9e d&rsquo;un tissu \u00e0 motifs floraux bleu. Tr\u00e8s bon \u00e9tat. 3 chaises disponibles","_links":{"self":[{"href":"https:\/\/www.markette.fr\/en\/wp-json\/wp\/v2\/product\/8046","targetHints":{"allow":["GET"]}}],"collection":[{"href":"https:\/\/www.markette.fr\/en\/wp-json\/wp\/v2\/product"}],"about":[{"href":"https:\/\/www.markette.fr\/en\/wp-json\/wp\/v2\/types\/product"}],"wp:featuredmedia":[{"embeddable":true,"href":"https:\/\/www.markette.fr\/en\/wp-json\/wp\/v2\/media\/8340"}],"wp:attachment":[{"href":"https:\/\/www.markette.fr\/en\/wp-json\/wp\/v2\/media?parent=8046"}],"wp:term":[{"taxonomy":"product_brand","embeddable":true,"href":"https:\/\/www.markette.fr\/en\/wp-json\/wp\/v2\/product_brand?post=8046"},{"taxonomy":"product_cat","embeddable":true,"href":"https:\/\/www.markette.fr\/en\/wp-json\/wp\/v2\/product_cat?post=8046"},{"taxonomy":"product_tag","embeddable":true,"href":"https:\/\/www.markette.fr\/en\/wp-json\/wp\/v2\/product_tag?post=8046"}],"curies":[{"name":"wp","href":"https:\/\/api.w.org\/{rel}","templated":true}]}}