{"id":3132,"date":"2025-10-10T09:13:22","date_gmt":"2025-10-10T09:13:22","guid":{"rendered":"https:\/\/www.markette.fr\/?page_id=3132"},"modified":"2026-02-04T17:34:19","modified_gmt":"2026-02-04T17:34:19","slug":"mentions-legales","status":"publish","type":"page","link":"https:\/\/www.markette.fr\/en\/mentions-legales\/","title":{"rendered":"Mentions l\u00e9gales"},"content":{"rendered":"<h5 class=\"wp-block-heading has-large-font-size\">Mentions l\u00e9gales<\/h5>\n\n\n\n<p class=\"has-small-font-size\">Conform\u00e9ment aux dispositions des articles 6-III et 19 de la loi n\u00b02004-575 du 21 juin 2004 pour la Confiance dans l\u2019\u00c9conomie Num\u00e9rique (LCEN), il est pr\u00e9cis\u00e9 aux utilisateurs du site Markette l\u2019identit\u00e9 des diff\u00e9rents intervenants dans le cadre de sa r\u00e9alisation et de son suivi.<\/p>\n\n\n\n<hr class=\"wp-block-separator has-alpha-channel-opacity\"\/>\n\n\n\n<h4 class=\"wp-block-heading has-medium-font-size\">\u00c9diteur du site<\/h4>\n\n\n\n<p class=\"has-small-font-size\">Le site Markette est \u00e9dit\u00e9 par la soci\u00e9t\u00e9 Hello Bloom<br>Forme juridique : soci\u00e9t\u00e9 par actions simplifi\u00e9e unipersonnelle<br>Capital social : 300,00\u20ac<br>Si\u00e8ge social : 8 boulevard Gambetta 06000 NICE<br>Num\u00e9ro d\u2019immatriculation : 940 336 969 R.C.S. Nice<strong>&nbsp;<\/strong><br>Num\u00e9ro de TVA intracommunautaire : FR77940336969<\/p>\n\n\n\n<p class=\"has-small-font-size\">Responsable de la publication : Lilya Saadia<br>Contact : bonjour@markette.fr<\/p>\n\n\n\n<hr class=\"wp-block-separator has-alpha-channel-opacity\"\/>\n\n\n\n<h4 class=\"wp-block-heading has-medium-font-size\">H\u00e9bergement<\/h4>\n\n\n\n<p class=\"has-small-font-size\">Ce site est h\u00e9berg\u00e9 par OVH SAS 2 rue Kellermann &#8211; 59100 Roubaix &#8211; France<\/p>\n\n\n\n<p class=\"has-small-font-size\">https:\/\/www.ovhcloud.com\/fr\/<br><\/p>\n\n\n\n<hr class=\"wp-block-separator has-alpha-channel-opacity\"\/>\n\n\n\n<h4 class=\"wp-block-heading has-medium-font-size\">Propri\u00e9t\u00e9 intellectuelle<\/h4>\n\n\n\n<p class=\"has-small-font-size\">Les contenus pr\u00e9sents sur le site Markette (textes, images, photographies, illustrations, vid\u00e9os, logos, graphismes, ic\u00f4nes, sons, logiciels) peuvent provenir soit de Markette, soit des vendeurs ind\u00e9pendants proposant leurs produits sur la marketplace.<\/p>\n\n\n\n<ul class=\"wp-block-list\">\n<li class=\"has-small-font-size\">Les contenus fournis par les vendeurs ind\u00e9pendants restent leur propri\u00e9t\u00e9 exclusive. Chaque vendeur garantit qu\u2019il d\u00e9tient tous les droits n\u00e9cessaires sur les contenus qu\u2019il publie et qu\u2019aucune tierce partie ne pourra faire valoir de droits \u00e0 ce sujet.<\/li>\n\n\n\n<li class=\"has-small-font-size\">En publiant un contenu sur Markette, le vendeur accorde \u00e0 Markette une licence non-exclusive, gratuite, mondiale et transf\u00e9rable permettant :\n<ul class=\"wp-block-list\">\n<li class=\"has-small-font-size\">la reproduction et la repr\u00e9sentation du contenu sur le site et ses plateformes associ\u00e9es ;<\/li>\n\n\n\n<li class=\"has-small-font-size\">son utilisation \u00e0 des fins de promotion, communication et marketing de Markette.<\/li>\n<\/ul>\n<\/li>\n<\/ul>\n\n\n\n<p class=\"has-small-font-size\">Toute utilisation des contenus du site en dehors de ce cadre est strictement interdite sans l\u2019autorisation \u00e9crite pr\u00e9alable de l\u2019auteur du contenu. Toute utilisation non autoris\u00e9e pourra \u00eatre consid\u00e9r\u00e9e comme constitutive de contrefa\u00e7on.<\/p>\n\n\n\n<h4 class=\"wp-block-heading has-medium-font-size\">Responsabilit\u00e9<\/h4>\n\n\n\n<p class=\"has-small-font-size\">Markette agit uniquement comme une plateforme de mise en relation entre les vendeurs ind\u00e9pendants et les utilisateurs. Markette ne peut \u00eatre tenue responsable :<\/p>\n\n\n\n<ul class=\"wp-block-list\">\n<li class=\"has-small-font-size\">des contenus, images, informations ou descriptions publi\u00e9s par les vendeurs ;<\/li>\n\n\n\n<li class=\"has-small-font-size\">de la conformit\u00e9 des produits aux normes l\u00e9gales ou de leur qualit\u00e9 ;<\/li>\n\n\n\n<li class=\"has-small-font-size\">des \u00e9ventuels litiges entre utilisateurs et vendeurs.<\/li>\n<\/ul>\n\n\n\n<p class=\"has-small-font-size\">Markette met tout en \u0153uvre pour fournir des informations pr\u00e9cises et \u00e0 jour, mais ne peut garantir l\u2019exactitude, l\u2019exhaustivit\u00e9 ou l\u2019actualit\u00e9 des informations pr\u00e9sentes sur le site.<\/p>\n\n\n\n<p class=\"has-small-font-size\">Le site peut contenir des liens vers des sites tiers. Markette n\u2019est pas responsable du contenu de ces sites ni des \u00e9ventuels dommages pouvant r\u00e9sulter de leur consultation.<\/p>\n\n\n\n<hr class=\"wp-block-separator has-alpha-channel-opacity\"\/>\n\n\n\n<h4 class=\"wp-block-heading has-medium-font-size\">Donn\u00e9es personnelles<\/h4>\n\n\n\n<p class=\"has-small-font-size\">Les informations recueillies via le site Markette sont trait\u00e9es conform\u00e9ment \u00e0 la r\u00e9glementation applicable en mati\u00e8re de protection des donn\u00e9es personnelles (RGPD).<\/p>\n\n\n\n<p class=\"has-small-font-size\">L\u2019utilisateur dispose d\u2019un droit d\u2019acc\u00e8s, de rectification, de suppression et d\u2019opposition concernant ses donn\u00e9es personnelles. Toute demande peut \u00eatre adress\u00e9e \u00e0 : bonjour@markette.fr<\/p>\n\n\n\n<p class=\"has-small-font-size\">Certaines donn\u00e9es peuvent \u00eatre partag\u00e9es avec les vendeurs afin de permettre le traitement des commandes et le suivi client.<\/p>\n\n\n\n<p class=\"has-small-font-size\">Pour plus d\u2019informations, consultez la Politique de confidentialit\u00e9 du site.<\/p>\n\n\n\n<hr class=\"wp-block-separator has-alpha-channel-opacity\"\/>\n\n\n\n<h4 class=\"wp-block-heading has-medium-font-size\">Cookies<\/h4>\n\n\n\n<p class=\"has-small-font-size\">Markette peut utiliser des cookies pour :<\/p>\n\n\n\n<ul class=\"wp-block-list\">\n<li class=\"has-small-font-size\">am\u00e9liorer l\u2019exp\u00e9rience utilisateur ;<\/li>\n\n\n\n<li class=\"has-small-font-size\">mesurer l\u2019audience du site ;<\/li>\n\n\n\n<li class=\"has-small-font-size\">proposer des contenus et publicit\u00e9s adapt\u00e9s.<\/li>\n<\/ul>\n\n\n\n<p class=\"has-small-font-size\">L\u2019utilisateur peut configurer son navigateur pour refuser tout ou partie des cookies. Toutefois, certaines fonctionnalit\u00e9s du site pourraient ne plus \u00eatre accessibles.<\/p>\n\n\n\n<hr class=\"wp-block-separator has-alpha-channel-opacity\"\/>\n\n\n\n<h4 class=\"wp-block-heading has-medium-font-size\">Droit applicable<\/h4>\n\n\n\n<p class=\"has-small-font-size\">Les pr\u00e9sentes mentions l\u00e9gales sont r\u00e9gies par le droit fran\u00e7ais. En cas de litige, et \u00e0 d\u00e9faut de r\u00e9solution amiable, les tribunaux fran\u00e7ais seront seuls comp\u00e9tents.<\/p>\n\n\n\n<hr class=\"wp-block-separator has-alpha-channel-opacity\"\/>\n\n\n\n<p class=\"has-small-font-size\">Derni\u00e8re mise \u00e0 jour : le 6 janvier 2026<\/p>\n\n\n\n<p><\/p>","protected":false},"excerpt":{"rendered":"<p>Mentions l\u00e9gales Conform\u00e9ment aux dispositions des articles 6-III et 19 de la loi n\u00b02004-575 du 21 juin 2004 pour la Confiance dans l\u2019\u00c9conomie Num\u00e9rique (LCEN), il est pr\u00e9cis\u00e9 aux utilisateurs du site Markette l\u2019identit\u00e9 des diff\u00e9rents intervenants dans le cadre de sa r\u00e9alisation et de son suivi. \u00c9diteur du site Le site Markette est \u00e9dit\u00e9 [&hellip;]<\/p>\n","protected":false},"author":1,"featured_media":0,"parent":0,"menu_order":4,"comment_status":"closed","ping_status":"closed","template":"","meta":{"_uag_custom_page_level_css":"","footnotes":""},"class_list":["post-3132","page","type-page","status-publish","hentry"],"blocksy_meta":[],"uagb_featured_image_src":{"full":false,"thumbnail":false,"medium":false,"medium_large":false,"large":false,"1536x1536":false,"2048x2048":false,"trp-custom-language-flag":false,"woocommerce_archive_thumbnail":false,"woocommerce_thumbnail":false,"woocommerce_single":false,"woocommerce_gallery_thumbnail":false},"uagb_author_info":{"display_name":"MARKETTE","author_link":"https:\/\/www.markette.fr\/en\/author\/admin7392\/"},"uagb_comment_info":0,"uagb_excerpt":"Mentions l\u00e9gales Conform\u00e9ment aux dispositions des articles 6-III et 19 de la loi n\u00b02004-575 du 21 juin 2004 pour la Confiance dans l\u2019\u00c9conomie Num\u00e9rique (LCEN), il est pr\u00e9cis\u00e9 aux utilisateurs du site Markette l\u2019identit\u00e9 des diff\u00e9rents intervenants dans le cadre de sa r\u00e9alisation et de son suivi. \u00c9diteur du site Le site Markette est \u00e9dit\u00e9&hellip;","_links":{"self":[{"href":"https:\/\/www.markette.fr\/en\/wp-json\/wp\/v2\/pages\/3132","targetHints":{"allow":["GET"]}}],"collection":[{"href":"https:\/\/www.markette.fr\/en\/wp-json\/wp\/v2\/pages"}],"about":[{"href":"https:\/\/www.markette.fr\/en\/wp-json\/wp\/v2\/types\/page"}],"author":[{"embeddable":true,"href":"https:\/\/www.markette.fr\/en\/wp-json\/wp\/v2\/users\/1"}],"replies":[{"embeddable":true,"href":"https:\/\/www.markette.fr\/en\/wp-json\/wp\/v2\/comments?post=3132"}],"version-history":[{"count":1,"href":"https:\/\/www.markette.fr\/en\/wp-json\/wp\/v2\/pages\/3132\/revisions"}],"predecessor-version":[{"id":7746,"href":"https:\/\/www.markette.fr\/en\/wp-json\/wp\/v2\/pages\/3132\/revisions\/7746"}],"wp:attachment":[{"href":"https:\/\/www.markette.fr\/en\/wp-json\/wp\/v2\/media?parent=3132"}],"curies":[{"name":"wp","href":"https:\/\/api.w.org\/{rel}","templated":true}]}}